{"id":6289,"date":"2021-06-01T21:29:58","date_gmt":"2021-06-01T19:29:58","guid":{"rendered":"http:\/\/www.furninova.com\/sv\/?page_id=6289"},"modified":"2023-08-24T09:35:07","modified_gmt":"2023-08-24T07:35:07","slug":"sofa-talks","status":"publish","type":"page","link":"https:\/\/furninova.com\/sv\/sofa-talks\/","title":{"rendered":"Sofa Talks"},"content":{"rendered":"\n<div class=\"wp-block-columns is-layout-flex wp-container-core-columns-is-layout-1 wp-block-columns-is-layout-flex\">\n<div class=\"wp-block-column is-layout-flow wp-block-column-is-layout-flow\">\n<h2 class=\"has-text-align-center has-huge-font-size wp-block-heading\" id=\"h-sofa-talks-en-plats-f-r-samtal\">Sofa Talks &#8211; en plats f\u00f6r samtal<\/h2>\n\n\n\n<p class=\"has-text-align-center has-normal-font-size\">Soffan \u00e4r den naturliga platsen f\u00f6r samtal. Det \u00e4r d\u00e4r historier, tankar, id\u00e9er, nyheter, k\u00e4nslor, erfarenheter, inspiration, f\u00e4rdigheter och mycket mer delas. En social dynamo som allt i Furninovas v\u00e4rld kretsar kring. Oavsett vem \u00e5sk\u00e5daren \u00e4r, m\u00f6belhandlare, leverant\u00f6rer, konsumenter, andra i v\u00e5rt n\u00e4tverk &#8211; men ocks\u00e5 oss sj\u00e4lva. Det som driver samtalen \u00e4r k\u00e4nslan av passion, att \u00f6vertr\u00e4ffa och st\u00e4ndigt utvecklas. Alltid med soffan i fokus. I v\u00e5r intervjuserie, Sofa Talks har vi kontakt med m\u00e4nniskor b\u00e5de inom och utanf\u00f6r Furninova f\u00f6r att de ska ber\u00e4tta sin historia. M\u00e4nniskor med olika expertis och erfarenheter, men med en sak gemensamt &#8211; de \u00e4r alla en del av Furninovas framg\u00e5ngsrika resa.<\/p>\n<\/div>\n<\/div>\n\n\n\n<div class=\"wp-block-columns is-layout-flex wp-container-core-columns-is-layout-2 wp-block-columns-is-layout-flex\">\n<div class=\"wp-block-column is-layout-flow wp-block-column-is-layout-flow\">\n<figure class=\"wp-block-image size-large\"><a href=\"https:\/\/furninova.com\/sv\/sofa-talks-med-nilssons\/\"><img loading=\"lazy\" decoding=\"async\" width=\"908\" height=\"1240\" src=\"https:\/\/furninova.com\/sv\/wp-content\/uploads\/sites\/2\/2022\/06\/Nilssons-908x1240px.jpg\" alt=\"\" class=\"wp-image-25282\" srcset=\"https:\/\/assets.furninova.com\/sites\/2\/2022\/06\/Nilssons-908x1240px.jpg 908w, https:\/\/assets.furninova.com\/sites\/2\/2022\/06\/Nilssons-908x1240px-732x1000.jpg 732w, https:\/\/assets.furninova.com\/sites\/2\/2022\/06\/Nilssons-908x1240px-293x400.jpg 293w, https:\/\/assets.furninova.com\/sites\/2\/2022\/06\/Nilssons-908x1240px-768x1049.jpg 768w\" sizes=\"auto, (max-width: 908px) 100vw, 908px\" \/><\/a><\/figure>\n\n\n\n<h2 class=\"has-text-align-center wp-block-heading\" id=\"h-nilssons\">Nilssons<\/h2>\n<\/div>\n\n\n\n<div class=\"wp-block-column is-layout-flow wp-block-column-is-layout-flow\">\n<figure class=\"wp-block-image size-large\"><a href=\"http:\/\/www.furninova.com\/sv\/sofa-talks-with-benny-nilsson\/\"><img loading=\"lazy\" decoding=\"async\" width=\"908\" height=\"1240\" src=\"http:\/\/www.furninova.com\/sv\/wp-content\/uploads\/2021\/05\/Sofa_Talks_Benny_1.jpg\" alt=\"\" class=\"wp-image-3652\" srcset=\"https:\/\/assets.furninova.com\/sites\/2\/2021\/05\/Sofa_Talks_Benny_1.jpg 908w, https:\/\/assets.furninova.com\/sites\/2\/2021\/05\/Sofa_Talks_Benny_1-220x300.jpg 220w, https:\/\/assets.furninova.com\/sites\/2\/2021\/05\/Sofa_Talks_Benny_1-750x1024.jpg 750w, https:\/\/assets.furninova.com\/sites\/2\/2021\/05\/Sofa_Talks_Benny_1-768x1049.jpg 768w\" sizes=\"auto, (max-width: 908px) 100vw, 908px\" \/><\/a><\/figure>\n\n\n\n<h2 class=\"has-text-align-center wp-block-heading\" id=\"h-benny-nilsson\">Benny Nilsson<\/h2>\n<\/div>\n\n\n\n<div class=\"wp-block-column is-layout-flow wp-block-column-is-layout-flow\">\n<figure class=\"wp-block-image size-large\"><a href=\"http:\/\/www.furninova.com\/sv\/sofa-talks-with-thomas-lundgren\/\"><img loading=\"lazy\" decoding=\"async\" width=\"908\" height=\"1240\" src=\"http:\/\/www.furninova.com\/sv\/wp-content\/uploads\/2021\/05\/Sofa_Talks_Thomas_1.jpg\" alt=\"\" class=\"wp-image-3558\" srcset=\"https:\/\/assets.furninova.com\/sites\/2\/2021\/05\/Sofa_Talks_Thomas_1.jpg 908w, https:\/\/assets.furninova.com\/sites\/2\/2021\/05\/Sofa_Talks_Thomas_1-220x300.jpg 220w, https:\/\/assets.furninova.com\/sites\/2\/2021\/05\/Sofa_Talks_Thomas_1-750x1024.jpg 750w, https:\/\/assets.furninova.com\/sites\/2\/2021\/05\/Sofa_Talks_Thomas_1-768x1049.jpg 768w\" sizes=\"auto, (max-width: 908px) 100vw, 908px\" \/><\/a><\/figure>\n\n\n\n<h2 class=\"has-text-align-center wp-block-heading\" id=\"h-thomas-lundgren\">Thomas Lundgren<\/h2>\n<\/div>\n<\/div>\n\n\n\n<div class=\"wp-block-columns is-layout-flex wp-container-core-columns-is-layout-3 wp-block-columns-is-layout-flex\">\n<div class=\"wp-block-column is-layout-flow wp-block-column-is-layout-flow\">\n<figure class=\"wp-block-image size-large\"><a href=\"http:\/\/www.furninova.com\/sv\/sofa-talks-with-lenka-teilmann\/\"><img loading=\"lazy\" decoding=\"async\" width=\"908\" height=\"1240\" src=\"http:\/\/www.furninova.com\/sv\/wp-content\/uploads\/2021\/05\/Sofa_Talks_Lenka_1.jpg\" alt=\"\" class=\"wp-image-3567\" srcset=\"https:\/\/assets.furninova.com\/sites\/2\/2021\/05\/Sofa_Talks_Lenka_1.jpg 908w, https:\/\/assets.furninova.com\/sites\/2\/2021\/05\/Sofa_Talks_Lenka_1-220x300.jpg 220w, https:\/\/assets.furninova.com\/sites\/2\/2021\/05\/Sofa_Talks_Lenka_1-750x1024.jpg 750w, https:\/\/assets.furninova.com\/sites\/2\/2021\/05\/Sofa_Talks_Lenka_1-768x1049.jpg 768w\" sizes=\"auto, (max-width: 908px) 100vw, 908px\" \/><\/a><\/figure>\n\n\n\n<h2 class=\"has-text-align-center wp-block-heading\" id=\"h-lenka-teilmann\">Lenka Teilmann<\/h2>\n<\/div>\n\n\n\n<div class=\"wp-block-column is-layout-flow wp-block-column-is-layout-flow\">\n<figure class=\"wp-block-image size-large\"><a href=\"http:\/\/www.furninova.com\/sv\/sofa-talks-with-thomas-nordqvist\/\"><img loading=\"lazy\" decoding=\"async\" width=\"908\" height=\"1240\" src=\"http:\/\/www.furninova.com\/sv\/wp-content\/uploads\/2021\/07\/Sofa-Talks-Thomas-Nordqvist.jpg\" alt=\"\" class=\"wp-image-13142\" srcset=\"https:\/\/assets.furninova.com\/sites\/2\/2021\/07\/Sofa-Talks-Thomas-Nordqvist.jpg 908w, https:\/\/assets.furninova.com\/sites\/2\/2021\/07\/Sofa-Talks-Thomas-Nordqvist-220x300.jpg 220w, https:\/\/assets.furninova.com\/sites\/2\/2021\/07\/Sofa-Talks-Thomas-Nordqvist-750x1024.jpg 750w, https:\/\/assets.furninova.com\/sites\/2\/2021\/07\/Sofa-Talks-Thomas-Nordqvist-768x1049.jpg 768w\" sizes=\"auto, (max-width: 908px) 100vw, 908px\" \/><\/a><\/figure>\n\n\n\n<h2 class=\"has-text-align-center wp-block-heading\">Thomas Nordqvist<\/h2>\n<\/div>\n\n\n\n<div class=\"wp-block-column is-layout-flow wp-block-column-is-layout-flow\"><\/div>\n<\/div>\n\n\n\n<div class=\"wp-block-columns is-layout-flex wp-container-core-columns-is-layout-4 wp-block-columns-is-layout-flex\">\n<div class=\"wp-block-column is-layout-flow wp-block-column-is-layout-flow\">\n<p><\/p>\n<\/div>\n<\/div>\n","protected":false},"excerpt":{"rendered":"<p>Sofa Talks &#8211; en plats f\u00f6r samtal Soffan \u00e4r den naturliga platsen f\u00f6r samtal. Det \u00e4r d\u00e4r historier, tankar, id\u00e9er, nyheter, k\u00e4nslor, erfarenheter, inspiration, f\u00e4rdigheter och mycket mer delas. En social dynamo som allt i Furninovas v\u00e4rld kretsar kring. Oavsett vem \u00e5sk\u00e5daren \u00e4r, m\u00f6belhandlare, leverant\u00f6rer, konsumenter, andra i v\u00e5rt n\u00e4tverk &#8211; men ocks\u00e5 oss sj\u00e4lva. [&hellip;]<\/p>\n","protected":false},"author":3,"featured_media":6065,"parent":0,"menu_order":0,"comment_status":"closed","ping_status":"closed","template":"","meta":{"_acf_changed":false,"footnotes":""},"class_list":["post-6289","page","type-page","status-publish","has-post-thumbnail","hentry"],"acf":[],"yoast_head":"<!-- This site is optimized with the Yoast SEO Premium plugin v22.3 (Yoast SEO v24.4) - https:\/\/yoast.com\/wordpress\/plugins\/seo\/ -->\n<title>Sofa Talks | Furninova<\/title>\n<meta name=\"robots\" content=\"index, follow, max-snippet:-1, max-image-preview:large, max-video-preview:-1\" \/>\n<link rel=\"canonical\" href=\"https:\/\/furninova.com\/sv\/sofa-talks\/\" \/>\n<meta property=\"og:locale\" content=\"sv_SE\" \/>\n<meta property=\"og:type\" content=\"article\" \/>\n<meta property=\"og:title\" content=\"Sofa Talks\" \/>\n<meta property=\"og:description\" content=\"Sofa Talks &#8211; en plats f\u00f6r samtal Soffan \u00e4r den naturliga platsen f\u00f6r samtal. Det \u00e4r d\u00e4r historier, tankar, id\u00e9er, nyheter, k\u00e4nslor, erfarenheter, inspiration, f\u00e4rdigheter och mycket mer delas. En social dynamo som allt i Furninovas v\u00e4rld kretsar kring. Oavsett vem \u00e5sk\u00e5daren \u00e4r, m\u00f6belhandlare, leverant\u00f6rer, konsumenter, andra i v\u00e5rt n\u00e4tverk &#8211; men ocks\u00e5 oss sj\u00e4lva. [&hellip;]\" \/>\n<meta property=\"og:url\" content=\"https:\/\/furninova.com\/sv\/sofa-talks\/\" \/>\n<meta property=\"og:site_name\" content=\"Furninova\" \/>\n<meta property=\"article:publisher\" content=\"https:\/\/www.facebook.com\/furninovaab\" \/>\n<meta property=\"article:modified_time\" content=\"2023-08-24T07:35:07+00:00\" \/>\n<meta property=\"og:image\" content=\"https:\/\/furninova.com\/sv\/wp-content\/uploads\/sites\/2\/2021\/05\/Sofa_Talks_square-scaled-1.jpg\" \/>\n\t<meta property=\"og:image:width\" content=\"2560\" \/>\n\t<meta property=\"og:image:height\" content=\"1781\" \/>\n\t<meta property=\"og:image:type\" content=\"image\/jpeg\" \/>\n<meta name=\"twitter:card\" content=\"summary_large_image\" \/>\n<meta name=\"twitter:label1\" content=\"Ber\u00e4knad l\u00e4stid\" \/>\n\t<meta name=\"twitter:data1\" content=\"2 minuter\" \/>\n<script type=\"application\/ld+json\" class=\"yoast-schema-graph\">{\"@context\":\"https:\/\/schema.org\",\"@graph\":[{\"@type\":\"WebPage\",\"@id\":\"https:\/\/furninova.com\/sv\/sofa-talks\/\",\"url\":\"https:\/\/furninova.com\/sv\/sofa-talks\/\",\"name\":\"Sofa Talks | Furninova\",\"isPartOf\":{\"@id\":\"https:\/\/furninova.com\/sv\/#website\"},\"primaryImageOfPage\":{\"@id\":\"https:\/\/furninova.com\/sv\/sofa-talks\/#primaryimage\"},\"image\":{\"@id\":\"https:\/\/furninova.com\/sv\/sofa-talks\/#primaryimage\"},\"thumbnailUrl\":\"https:\/\/assets.furninova.com\/sites\/2\/2021\/05\/Sofa_Talks_square-scaled-1.jpg\",\"datePublished\":\"2021-06-01T19:29:58+00:00\",\"dateModified\":\"2023-08-24T07:35:07+00:00\",\"breadcrumb\":{\"@id\":\"https:\/\/furninova.com\/sv\/sofa-talks\/#breadcrumb\"},\"inLanguage\":\"sv-SE\",\"potentialAction\":[{\"@type\":\"ReadAction\",\"target\":[\"https:\/\/furninova.com\/sv\/sofa-talks\/\"]}]},{\"@type\":\"ImageObject\",\"inLanguage\":\"sv-SE\",\"@id\":\"https:\/\/furninova.com\/sv\/sofa-talks\/#primaryimage\",\"url\":\"https:\/\/assets.furninova.com\/sites\/2\/2021\/05\/Sofa_Talks_square-scaled-1.jpg\",\"contentUrl\":\"https:\/\/assets.furninova.com\/sites\/2\/2021\/05\/Sofa_Talks_square-scaled-1.jpg\",\"width\":2560,\"height\":1781},{\"@type\":\"BreadcrumbList\",\"@id\":\"https:\/\/furninova.com\/sv\/sofa-talks\/#breadcrumb\",\"itemListElement\":[{\"@type\":\"ListItem\",\"position\":1,\"name\":\"Home\",\"item\":\"https:\/\/furninova.com\/sv\/\"},{\"@type\":\"ListItem\",\"position\":2,\"name\":\"Sofa Talks\"}]},{\"@type\":\"WebSite\",\"@id\":\"https:\/\/furninova.com\/sv\/#website\",\"url\":\"https:\/\/furninova.com\/sv\/\",\"name\":\"Furninova\",\"description\":\"\u00c4nnu en webbplats hos Furninova\",\"publisher\":{\"@id\":\"https:\/\/furninova.com\/sv\/#organization\"},\"potentialAction\":[{\"@type\":\"SearchAction\",\"target\":{\"@type\":\"EntryPoint\",\"urlTemplate\":\"https:\/\/furninova.com\/sv\/?s={search_term_string}\"},\"query-input\":{\"@type\":\"PropertyValueSpecification\",\"valueRequired\":true,\"valueName\":\"search_term_string\"}}],\"inLanguage\":\"sv-SE\"},{\"@type\":\"Organization\",\"@id\":\"https:\/\/furninova.com\/sv\/#organization\",\"name\":\"Furninova AB\",\"url\":\"https:\/\/furninova.com\/sv\/\",\"logo\":{\"@type\":\"ImageObject\",\"inLanguage\":\"sv-SE\",\"@id\":\"https:\/\/furninova.com\/sv\/#\/schema\/logo\/image\/\",\"url\":\"https:\/\/furninova.com\/sv\/wp-content\/uploads\/sites\/2\/2021\/03\/furninova-logotype-bottom.png\",\"contentUrl\":\"https:\/\/furninova.com\/sv\/wp-content\/uploads\/sites\/2\/2021\/03\/furninova-logotype-bottom.png\",\"width\":387,\"height\":219,\"caption\":\"Furninova AB\"},\"image\":{\"@id\":\"https:\/\/furninova.com\/sv\/#\/schema\/logo\/image\/\"},\"sameAs\":[\"https:\/\/www.facebook.com\/furninovaab\",\"https:\/\/www.instagram.com\/furninovaab\/\",\"https:\/\/www.linkedin.com\/company\/furninova-ab\"]}]}<\/script>\n<!-- \/ Yoast SEO Premium plugin. -->","yoast_head_json":{"title":"Sofa Talks | Furninova","robots":{"index":"index","follow":"follow","max-snippet":"max-snippet:-1","max-image-preview":"max-image-preview:large","max-video-preview":"max-video-preview:-1"},"canonical":"https:\/\/furninova.com\/sv\/sofa-talks\/","og_locale":"sv_SE","og_type":"article","og_title":"Sofa Talks","og_description":"Sofa Talks &#8211; en plats f\u00f6r samtal Soffan \u00e4r den naturliga platsen f\u00f6r samtal. Det \u00e4r d\u00e4r historier, tankar, id\u00e9er, nyheter, k\u00e4nslor, erfarenheter, inspiration, f\u00e4rdigheter och mycket mer delas. En social dynamo som allt i Furninovas v\u00e4rld kretsar kring. Oavsett vem \u00e5sk\u00e5daren \u00e4r, m\u00f6belhandlare, leverant\u00f6rer, konsumenter, andra i v\u00e5rt n\u00e4tverk &#8211; men ocks\u00e5 oss sj\u00e4lva. [&hellip;]","og_url":"https:\/\/furninova.com\/sv\/sofa-talks\/","og_site_name":"Furninova","article_publisher":"https:\/\/www.facebook.com\/furninovaab","article_modified_time":"2023-08-24T07:35:07+00:00","og_image":[{"width":2560,"height":1781,"url":"https:\/\/furninova.com\/sv\/wp-content\/uploads\/sites\/2\/2021\/05\/Sofa_Talks_square-scaled-1.jpg","type":"image\/jpeg"}],"twitter_card":"summary_large_image","twitter_misc":{"Ber\u00e4knad l\u00e4stid":"2 minuter"},"schema":{"@context":"https:\/\/schema.org","@graph":[{"@type":"WebPage","@id":"https:\/\/furninova.com\/sv\/sofa-talks\/","url":"https:\/\/furninova.com\/sv\/sofa-talks\/","name":"Sofa Talks | Furninova","isPartOf":{"@id":"https:\/\/furninova.com\/sv\/#website"},"primaryImageOfPage":{"@id":"https:\/\/furninova.com\/sv\/sofa-talks\/#primaryimage"},"image":{"@id":"https:\/\/furninova.com\/sv\/sofa-talks\/#primaryimage"},"thumbnailUrl":"https:\/\/assets.furninova.com\/sites\/2\/2021\/05\/Sofa_Talks_square-scaled-1.jpg","datePublished":"2021-06-01T19:29:58+00:00","dateModified":"2023-08-24T07:35:07+00:00","breadcrumb":{"@id":"https:\/\/furninova.com\/sv\/sofa-talks\/#breadcrumb"},"inLanguage":"sv-SE","potentialAction":[{"@type":"ReadAction","target":["https:\/\/furninova.com\/sv\/sofa-talks\/"]}]},{"@type":"ImageObject","inLanguage":"sv-SE","@id":"https:\/\/furninova.com\/sv\/sofa-talks\/#primaryimage","url":"https:\/\/assets.furninova.com\/sites\/2\/2021\/05\/Sofa_Talks_square-scaled-1.jpg","contentUrl":"https:\/\/assets.furninova.com\/sites\/2\/2021\/05\/Sofa_Talks_square-scaled-1.jpg","width":2560,"height":1781},{"@type":"BreadcrumbList","@id":"https:\/\/furninova.com\/sv\/sofa-talks\/#breadcrumb","itemListElement":[{"@type":"ListItem","position":1,"name":"Home","item":"https:\/\/furninova.com\/sv\/"},{"@type":"ListItem","position":2,"name":"Sofa Talks"}]},{"@type":"WebSite","@id":"https:\/\/furninova.com\/sv\/#website","url":"https:\/\/furninova.com\/sv\/","name":"Furninova","description":"\u00c4nnu en webbplats hos Furninova","publisher":{"@id":"https:\/\/furninova.com\/sv\/#organization"},"potentialAction":[{"@type":"SearchAction","target":{"@type":"EntryPoint","urlTemplate":"https:\/\/furninova.com\/sv\/?s={search_term_string}"},"query-input":{"@type":"PropertyValueSpecification","valueRequired":true,"valueName":"search_term_string"}}],"inLanguage":"sv-SE"},{"@type":"Organization","@id":"https:\/\/furninova.com\/sv\/#organization","name":"Furninova AB","url":"https:\/\/furninova.com\/sv\/","logo":{"@type":"ImageObject","inLanguage":"sv-SE","@id":"https:\/\/furninova.com\/sv\/#\/schema\/logo\/image\/","url":"https:\/\/furninova.com\/sv\/wp-content\/uploads\/sites\/2\/2021\/03\/furninova-logotype-bottom.png","contentUrl":"https:\/\/furninova.com\/sv\/wp-content\/uploads\/sites\/2\/2021\/03\/furninova-logotype-bottom.png","width":387,"height":219,"caption":"Furninova AB"},"image":{"@id":"https:\/\/furninova.com\/sv\/#\/schema\/logo\/image\/"},"sameAs":["https:\/\/www.facebook.com\/furninovaab","https:\/\/www.instagram.com\/furninovaab\/","https:\/\/www.linkedin.com\/company\/furninova-ab"]}]}},"_links":{"self":[{"href":"https:\/\/furninova.com\/sv\/wp-json\/wp\/v2\/pages\/6289","targetHints":{"allow":["GET"]}}],"collection":[{"href":"https:\/\/furninova.com\/sv\/wp-json\/wp\/v2\/pages"}],"about":[{"href":"https:\/\/furninova.com\/sv\/wp-json\/wp\/v2\/types\/page"}],"author":[{"embeddable":true,"href":"https:\/\/furninova.com\/sv\/wp-json\/wp\/v2\/users\/3"}],"replies":[{"embeddable":true,"href":"https:\/\/furninova.com\/sv\/wp-json\/wp\/v2\/comments?post=6289"}],"version-history":[{"count":5,"href":"https:\/\/furninova.com\/sv\/wp-json\/wp\/v2\/pages\/6289\/revisions"}],"predecessor-version":[{"id":29128,"href":"https:\/\/furninova.com\/sv\/wp-json\/wp\/v2\/pages\/6289\/revisions\/29128"}],"wp:featuredmedia":[{"embeddable":true,"href":"https:\/\/furninova.com\/sv\/wp-json\/wp\/v2\/media\/6065"}],"wp:attachment":[{"href":"https:\/\/furninova.com\/sv\/wp-json\/wp\/v2\/media?parent=6289"}],"curies":[{"name":"wp","href":"https:\/\/api.w.org\/{rel}","templated":true}]}}