{"id":16598,"date":"2020-11-24T10:23:24","date_gmt":"2020-11-24T09:23:24","guid":{"rendered":"http:\/\/www.furninova.com\/sv\/?page_id=58"},"modified":"2023-08-24T09:33:23","modified_gmt":"2023-08-24T07:33:23","slug":"privacy-cookies","status":"publish","type":"page","link":"https:\/\/furninova.com\/sv\/privacy-cookies\/","title":{"rendered":"Integritetspolicy"},"content":{"rendered":"\n<div class=\"wp-block-columns is-layout-flex wp-container-core-columns-is-layout-1 wp-block-columns-is-layout-flex\">\n<div class=\"wp-block-column is-layout-flow wp-block-column-is-layout-flow\" style=\"flex-basis:25%\"><\/div>\n\n\n\n<div class=\"wp-block-column is-layout-flow wp-block-column-is-layout-flow\" style=\"flex-basis:50%\">\n<h2 class=\"has-large-font-size wp-block-heading\" id=\"h-integritetspolicy\">Integritetspolicy<\/h2>\n\n\n\n<p>Vi p\u00e5 Furninova s\u00e4tter stor vikt vid din personliga integritet och har d\u00e4rf\u00f6r tagit fram en integritetspolicy f\u00f6r att f\u00f6rklara vilken data vi samlar in, vad vi anv\u00e4nder den till och hur du kan ut\u00f6va dina r\u00e4ttigheter.<\/p>\n\n\n\n<p><strong>V\u00e5r integritetspolicy i korta drag&nbsp;<\/strong><\/p>\n\n\n\n<p>Enligt lag f\u00e5r vi samla in begr\u00e4nsad information om dig i syfte att f\u00f6rb\u00e4ttra v\u00e5ra tj\u00e4nster. Furninova f\u00f6ljer nedanst\u00e5ende riktlinjer f\u00f6r att skydda din integritet i samband med detta.<\/p>\n\n\n\n<p>\u2022 Vi ser till att all information lagras s\u00e4kert.<\/p>\n\n\n\n<p>\u2022 Vi raderar all information som vi inte l\u00e4ngre har anv\u00e4ndning f\u00f6r.<\/p>\n\n\n\n<p>\u2022 Vi anv\u00e4nder inte information till n\u00e5got annat \u00e4n vad vi anger.<\/p>\n\n\n\n<p>\u2022 Vi s\u00e4ljer ingen information till tredje part.<\/p>\n\n\n\n<p>\u2022 Vi ser l\u00f6pande \u00f6ver v\u00e5r integritetspolicy f\u00f6r att f\u00f6rb\u00e4ttra den och \u00f6ka din s\u00e4kerhet.<\/p>\n\n\n\n<p>Nedan kan du l\u00e4sa mer i detalj hur vi hanterar den data vi samlar in.&nbsp;<\/p>\n\n\n\n<p><strong>1. Insamling av information och sp\u00e5rning n\u00e4r du bes\u00f6ker v\u00e5r webbplats.<\/strong><\/p>\n\n\n\n<p>Vid ditt f\u00f6rsta bes\u00f6k p\u00e5 v\u00e5r webbplats kan v\u00e5r webbplats automatiskt skicka en s.k. cookie till din dator. En cookie \u00e4r en fil som identifierar dig som en unik anv\u00e4ndare. Den lagrar personliga preferenser och anv\u00e4ndardata i din webbl\u00e4sare. Cookies identifierar inte dig med namn.<\/p>\n\n\n\n<p>Du kan st\u00e4nga av anv\u00e4ndandet av cookies p\u00e5 din webbl\u00e4sare, dock kan d\u00e5 vissa tj\u00e4nster som tillhandah\u00e5lls av v\u00e5r webbplats sluta fungera korrekt.<\/p>\n\n\n\n<p>Furninova anv\u00e4nder cookies och Google Analytics f\u00f6r att f\u00f6rb\u00e4ttra v\u00e5r service, anv\u00e4ndarv\u00e4nlighet och f\u00f6r att analysera hur webbplatsen anv\u00e4nds. Bortsett fr\u00e5n den ungef\u00e4rliga platsen (IP-adress), \u00e4r informationen som Google Analytics samlar in mestadels anonym trafikdata som webbl\u00e4sarinformation, enhet och spr\u00e5k. Vi samlar inte in \u00f6vrig information som \u00e5lder, k\u00f6n, intressen eller bankuppgifter. Den insamlade informationen anv\u00e4nds f\u00f6r att skapa en \u00f6verblick \u00f6ver hur webbplatsen anv\u00e4nds. Informationen anv\u00e4nds inte till att se vem som bes\u00f6ker webbplatsen.<\/p>\n\n\n\n<p><strong>2. N\u00e4r du fyller i formul\u00e4r p\u00e5 v\u00e5r webbplats<\/strong><\/p>\n\n\n\n<p>2.1. Ans\u00f6kan till ledig tj\u00e4nst eller spontanans\u00f6kan<br>Om du s\u00f6ker en ledig tj\u00e4nst hos Furninova lagrar och hanterar vi informationen f\u00f6r att kunna kontakta dig i rekryteringssyfte. Vi lagrar informationen under 24 m\u00e5nader. Om du skickar in en spontan ans\u00f6kan lagrar vi informationen under 6 m\u00e5nader i syfte att eventuellt kontakta dig g\u00e4llande den typ av tj\u00e4nst du visat intresse f\u00f6r.<\/p>\n\n\n\n<p>2.2 Anm\u00e4lan till nyhetsbrev Hur anm\u00e4ler man sig till v\u00e5rt nyhetsbrev?<br>Anm\u00e4lan till v\u00e5ra nyhetsbrev sker via ett formul\u00e4r som \u00e4r kopplat till v\u00e5rt system f\u00f6r utskick av e-post. Hantering av dina uppgifter sker i detta system, men det \u00e4r fortfarande vi inom Furninova som ansvarar f\u00f6r dina personuppgifter. Du kan n\u00e4r som helst v\u00e4lja att avprenumerera p\u00e5 utskick fr\u00e5n oss.<\/p>\n\n\n\n<p>2.3 Anv\u00e4ndning av digitala tj\u00e4nster<br>N\u00e4r du registrerar dig i samband med offertf\u00f6rfr\u00e5gan, event, som kund f\u00f6r e-handelsk\u00f6p eller som anv\u00e4ndare av n\u00e5gon av v\u00e5ra andra digitala tj\u00e4nster lagrar och hanterar vi information om dig f\u00f6r att kunna tillhandah\u00e5lla efterfr\u00e5gade tj\u00e4nster och produkter, uppfylla v\u00e5ra \u00e5taganden gentemot dig som kund och ge dig en personlig service. Vi kan \u00e4ven komma att anv\u00e4nda dina personuppgifter f\u00f6r att bjuda in dig till kommande event eller marknadsf\u00f6ra produkter eller tj\u00e4nster.<\/p>\n\n\n\n<p><strong>3. Informationss\u00e4kerhet<\/strong><\/p>\n\n\n\n<p>Furninova \u00e4r noga med s\u00e4kerheten runt personlig information. Samtliga personuppgifter behandlas p\u00e5 ett s\u00e4tt som uppfyller de krav som enligt lag st\u00e4lls p\u00e5 s\u00e4ker behandling av personuppgifter.<\/p>\n\n\n\n<p><strong>4. Tillg\u00e5ng till information<\/strong><\/p>\n\n\n\n<p>Du har alltid r\u00e4tt att beg\u00e4ra ut informationen vi har lagrad om dig. Du kan g\u00f6ra detta genom att kontakta oss p\u00e5 info@Furninova.se Vi ser till att du f\u00e5r en kopia p\u00e5 informationen vi har om dig. F\u00f6r att kunna g\u00f6ra detta p\u00e5 ett s\u00e4kert s\u00e4tt kan vi be dig att verifiera din identitet. Vi skickar informationen digitalt till dig, s\u00e5vida du inte beg\u00e4r n\u00e5got annat.<\/p>\n\n\n\n<p><strong>5. Korrigering och borttagning av information<\/strong><\/p>\n\n\n\n<p>Om du anser att informationen vi har lagrat om dig \u00e4r felaktig f\u00e5r du g\u00e4rna kontakta oss s\u00e5 att vi kan uppdatera den. Information som vi inte l\u00e4ngre har anv\u00e4ndning f\u00f6r raderas l\u00f6pande. Om du vid n\u00e5got tillf\u00e4lle inte vill att Furninova l\u00e4ngre lagrar din information, v\u00e4nligen kontakta oss s\u00e5 raderar vi den.<\/p>\n\n\n\n<p><strong>6. N\u00e4r g\u00e4ller denna integritetspolicy?<\/strong><\/p>\n\n\n\n<p>V\u00e5r integritetspolicy g\u00e4ller f\u00f6r tj\u00e4nster kopplade till v\u00e5ra webbplatser. V\u00e5ra webbplatser kan inneh\u00e5lla l\u00e4nkar till andra webbplatser. N\u00e4r du v\u00e4ljer att bes\u00f6ka dessa g\u00e4ller inte l\u00e4ngre v\u00e5r integritetspolicy. Den h\u00e4r versionen av v\u00e5r integritetspolicy g\u00e4ller fr\u00e5n och med maj 2018.<\/p>\n\n\n\n<p><strong>7. \u00c4ndringar<\/strong><\/p>\n\n\n\n<p>Vi har r\u00e4tt att \u00e4ndra i v\u00e5r integritetspolicy och ser l\u00f6pande \u00f6ver inneh\u00e5llet f\u00f6r att st\u00e4ndigt f\u00f6rb\u00e4ttra den. Vi kommer inte att minska de r\u00e4ttigheter som anges h\u00e4r, men vi f\u00f6rbeh\u00e5ller oss r\u00e4tten att g\u00f6ra \u00e4ndringar i denna policy utan att aktivt kontakta dig. Bes\u00f6k g\u00e4rna denna sida regelbundet f\u00f6r att h\u00e5lla dig uppdaterad.<\/p>\n\n\n\n<p>Du kan n\u00e4r som helst kontakta Furninova f\u00f6r att beg\u00e4ra ut, korrigera eller radera den information vi har lagrad om dig.<\/p>\n\n\n\n<p>Om du har ytterligare fr\u00e5gor om Furninova lagring och hantering av information, v\u00e4nligen kontakta oss.<\/p>\n\n\n\n<p><strong>8. Sammanst\u00e4llning av cookies och lagringstider<\/strong><\/p>\n\n\n\n    <script src=\"https:\/\/cdn.cookietractor.com\/cookietractor-declaration.js\" data-lang=\"sv-SE\" data-id=\"0c0df47f-2579-4134-8fb7-7b733e3619bd\" defer><\/script>\n\n    <div id=\"CookieDeclaration\"><\/div>\n\n\t<\/div>\n\n\n\n<div class=\"wp-block-column is-layout-flow wp-block-column-is-layout-flow\" style=\"flex-basis:25%\"><\/div>\n<\/div>\n","protected":false},"excerpt":{"rendered":"<p>Integritetspolicy Vi p\u00e5 Furninova s\u00e4tter stor vikt vid din personliga integritet och har d\u00e4rf\u00f6r tagit fram en integritetspolicy f\u00f6r att f\u00f6rklara vilken data vi samlar in, vad vi anv\u00e4nder den till och hur du kan ut\u00f6va dina r\u00e4ttigheter. V\u00e5r integritetspolicy i korta drag&nbsp; Enligt lag f\u00e5r vi samla in begr\u00e4nsad information om dig i syfte [&hellip;]<\/p>\n","protected":false},"author":3,"featured_media":24520,"parent":0,"menu_order":0,"comment_status":"closed","ping_status":"closed","template":"","meta":{"_acf_changed":false,"footnotes":""},"class_list":["post-16598","page","type-page","status-publish","has-post-thumbnail","hentry"],"acf":[],"yoast_head":"<!-- This site is optimized with the Yoast SEO Premium plugin v22.3 (Yoast SEO v24.4) - https:\/\/yoast.com\/wordpress\/plugins\/seo\/ -->\n<title>Integritetspolicy | Furninova<\/title>\n<meta name=\"robots\" content=\"index, follow, max-snippet:-1, max-image-preview:large, max-video-preview:-1\" \/>\n<link rel=\"canonical\" href=\"https:\/\/furninova.com\/sv\/privacy-cookies\/\" \/>\n<meta property=\"og:locale\" content=\"sv_SE\" \/>\n<meta property=\"og:type\" content=\"article\" \/>\n<meta property=\"og:title\" content=\"Integritetspolicy\" \/>\n<meta property=\"og:description\" content=\"Integritetspolicy Vi p\u00e5 Furninova s\u00e4tter stor vikt vid din personliga integritet och har d\u00e4rf\u00f6r tagit fram en integritetspolicy f\u00f6r att f\u00f6rklara vilken data vi samlar in, vad vi anv\u00e4nder den till och hur du kan ut\u00f6va dina r\u00e4ttigheter. V\u00e5r integritetspolicy i korta drag&nbsp; Enligt lag f\u00e5r vi samla in begr\u00e4nsad information om dig i syfte [&hellip;]\" \/>\n<meta property=\"og:url\" content=\"https:\/\/furninova.com\/sv\/privacy-cookies\/\" \/>\n<meta property=\"og:site_name\" content=\"Furninova\" \/>\n<meta property=\"article:publisher\" content=\"https:\/\/www.facebook.com\/furninovaab\" \/>\n<meta property=\"article:modified_time\" content=\"2023-08-24T07:33:23+00:00\" \/>\n<meta property=\"og:image\" content=\"https:\/\/furninova.com\/sv\/wp-content\/uploads\/sites\/2\/2021\/12\/Placeholder_Furninova_Integritetspolicy-scaled.jpg\" \/>\n\t<meta property=\"og:image:width\" content=\"2560\" \/>\n\t<meta property=\"og:image:height\" content=\"1781\" \/>\n\t<meta property=\"og:image:type\" content=\"image\/jpeg\" \/>\n<meta name=\"twitter:card\" content=\"summary_large_image\" \/>\n<meta name=\"twitter:label1\" content=\"Ber\u00e4knad l\u00e4stid\" \/>\n\t<meta name=\"twitter:data1\" content=\"5 minuter\" \/>\n<script type=\"application\/ld+json\" class=\"yoast-schema-graph\">{\"@context\":\"https:\/\/schema.org\",\"@graph\":[{\"@type\":\"WebPage\",\"@id\":\"https:\/\/furninova.com\/sv\/privacy-cookies\/\",\"url\":\"https:\/\/furninova.com\/sv\/privacy-cookies\/\",\"name\":\"Integritetspolicy | Furninova\",\"isPartOf\":{\"@id\":\"https:\/\/furninova.com\/sv\/#website\"},\"primaryImageOfPage\":{\"@id\":\"https:\/\/furninova.com\/sv\/privacy-cookies\/#primaryimage\"},\"image\":{\"@id\":\"https:\/\/furninova.com\/sv\/privacy-cookies\/#primaryimage\"},\"thumbnailUrl\":\"https:\/\/assets.furninova.com\/sites\/2\/2021\/12\/Placeholder_Furninova_Integritetspolicy-scaled.jpg\",\"datePublished\":\"2020-11-24T09:23:24+00:00\",\"dateModified\":\"2023-08-24T07:33:23+00:00\",\"breadcrumb\":{\"@id\":\"https:\/\/furninova.com\/sv\/privacy-cookies\/#breadcrumb\"},\"inLanguage\":\"sv-SE\",\"potentialAction\":[{\"@type\":\"ReadAction\",\"target\":[\"https:\/\/furninova.com\/sv\/privacy-cookies\/\"]}]},{\"@type\":\"ImageObject\",\"inLanguage\":\"sv-SE\",\"@id\":\"https:\/\/furninova.com\/sv\/privacy-cookies\/#primaryimage\",\"url\":\"https:\/\/assets.furninova.com\/sites\/2\/2021\/12\/Placeholder_Furninova_Integritetspolicy-scaled.jpg\",\"contentUrl\":\"https:\/\/assets.furninova.com\/sites\/2\/2021\/12\/Placeholder_Furninova_Integritetspolicy-scaled.jpg\",\"width\":2560,\"height\":1781},{\"@type\":\"BreadcrumbList\",\"@id\":\"https:\/\/furninova.com\/sv\/privacy-cookies\/#breadcrumb\",\"itemListElement\":[{\"@type\":\"ListItem\",\"position\":1,\"name\":\"Home\",\"item\":\"https:\/\/furninova.com\/sv\/\"},{\"@type\":\"ListItem\",\"position\":2,\"name\":\"Integritetspolicy\"}]},{\"@type\":\"WebSite\",\"@id\":\"https:\/\/furninova.com\/sv\/#website\",\"url\":\"https:\/\/furninova.com\/sv\/\",\"name\":\"Furninova\",\"description\":\"\u00c4nnu en webbplats hos Furninova\",\"publisher\":{\"@id\":\"https:\/\/furninova.com\/sv\/#organization\"},\"potentialAction\":[{\"@type\":\"SearchAction\",\"target\":{\"@type\":\"EntryPoint\",\"urlTemplate\":\"https:\/\/furninova.com\/sv\/?s={search_term_string}\"},\"query-input\":{\"@type\":\"PropertyValueSpecification\",\"valueRequired\":true,\"valueName\":\"search_term_string\"}}],\"inLanguage\":\"sv-SE\"},{\"@type\":\"Organization\",\"@id\":\"https:\/\/furninova.com\/sv\/#organization\",\"name\":\"Furninova AB\",\"url\":\"https:\/\/furninova.com\/sv\/\",\"logo\":{\"@type\":\"ImageObject\",\"inLanguage\":\"sv-SE\",\"@id\":\"https:\/\/furninova.com\/sv\/#\/schema\/logo\/image\/\",\"url\":\"https:\/\/furninova.com\/sv\/wp-content\/uploads\/sites\/2\/2021\/03\/furninova-logotype-bottom.png\",\"contentUrl\":\"https:\/\/furninova.com\/sv\/wp-content\/uploads\/sites\/2\/2021\/03\/furninova-logotype-bottom.png\",\"width\":387,\"height\":219,\"caption\":\"Furninova AB\"},\"image\":{\"@id\":\"https:\/\/furninova.com\/sv\/#\/schema\/logo\/image\/\"},\"sameAs\":[\"https:\/\/www.facebook.com\/furninovaab\",\"https:\/\/www.instagram.com\/furninovaab\/\",\"https:\/\/www.linkedin.com\/company\/furninova-ab\"]}]}<\/script>\n<!-- \/ Yoast SEO Premium plugin. -->","yoast_head_json":{"title":"Integritetspolicy | Furninova","robots":{"index":"index","follow":"follow","max-snippet":"max-snippet:-1","max-image-preview":"max-image-preview:large","max-video-preview":"max-video-preview:-1"},"canonical":"https:\/\/furninova.com\/sv\/privacy-cookies\/","og_locale":"sv_SE","og_type":"article","og_title":"Integritetspolicy","og_description":"Integritetspolicy Vi p\u00e5 Furninova s\u00e4tter stor vikt vid din personliga integritet och har d\u00e4rf\u00f6r tagit fram en integritetspolicy f\u00f6r att f\u00f6rklara vilken data vi samlar in, vad vi anv\u00e4nder den till och hur du kan ut\u00f6va dina r\u00e4ttigheter. V\u00e5r integritetspolicy i korta drag&nbsp; Enligt lag f\u00e5r vi samla in begr\u00e4nsad information om dig i syfte [&hellip;]","og_url":"https:\/\/furninova.com\/sv\/privacy-cookies\/","og_site_name":"Furninova","article_publisher":"https:\/\/www.facebook.com\/furninovaab","article_modified_time":"2023-08-24T07:33:23+00:00","og_image":[{"width":2560,"height":1781,"url":"https:\/\/furninova.com\/sv\/wp-content\/uploads\/sites\/2\/2021\/12\/Placeholder_Furninova_Integritetspolicy-scaled.jpg","type":"image\/jpeg"}],"twitter_card":"summary_large_image","twitter_misc":{"Ber\u00e4knad l\u00e4stid":"5 minuter"},"schema":{"@context":"https:\/\/schema.org","@graph":[{"@type":"WebPage","@id":"https:\/\/furninova.com\/sv\/privacy-cookies\/","url":"https:\/\/furninova.com\/sv\/privacy-cookies\/","name":"Integritetspolicy | Furninova","isPartOf":{"@id":"https:\/\/furninova.com\/sv\/#website"},"primaryImageOfPage":{"@id":"https:\/\/furninova.com\/sv\/privacy-cookies\/#primaryimage"},"image":{"@id":"https:\/\/furninova.com\/sv\/privacy-cookies\/#primaryimage"},"thumbnailUrl":"https:\/\/assets.furninova.com\/sites\/2\/2021\/12\/Placeholder_Furninova_Integritetspolicy-scaled.jpg","datePublished":"2020-11-24T09:23:24+00:00","dateModified":"2023-08-24T07:33:23+00:00","breadcrumb":{"@id":"https:\/\/furninova.com\/sv\/privacy-cookies\/#breadcrumb"},"inLanguage":"sv-SE","potentialAction":[{"@type":"ReadAction","target":["https:\/\/furninova.com\/sv\/privacy-cookies\/"]}]},{"@type":"ImageObject","inLanguage":"sv-SE","@id":"https:\/\/furninova.com\/sv\/privacy-cookies\/#primaryimage","url":"https:\/\/assets.furninova.com\/sites\/2\/2021\/12\/Placeholder_Furninova_Integritetspolicy-scaled.jpg","contentUrl":"https:\/\/assets.furninova.com\/sites\/2\/2021\/12\/Placeholder_Furninova_Integritetspolicy-scaled.jpg","width":2560,"height":1781},{"@type":"BreadcrumbList","@id":"https:\/\/furninova.com\/sv\/privacy-cookies\/#breadcrumb","itemListElement":[{"@type":"ListItem","position":1,"name":"Home","item":"https:\/\/furninova.com\/sv\/"},{"@type":"ListItem","position":2,"name":"Integritetspolicy"}]},{"@type":"WebSite","@id":"https:\/\/furninova.com\/sv\/#website","url":"https:\/\/furninova.com\/sv\/","name":"Furninova","description":"\u00c4nnu en webbplats hos Furninova","publisher":{"@id":"https:\/\/furninova.com\/sv\/#organization"},"potentialAction":[{"@type":"SearchAction","target":{"@type":"EntryPoint","urlTemplate":"https:\/\/furninova.com\/sv\/?s={search_term_string}"},"query-input":{"@type":"PropertyValueSpecification","valueRequired":true,"valueName":"search_term_string"}}],"inLanguage":"sv-SE"},{"@type":"Organization","@id":"https:\/\/furninova.com\/sv\/#organization","name":"Furninova AB","url":"https:\/\/furninova.com\/sv\/","logo":{"@type":"ImageObject","inLanguage":"sv-SE","@id":"https:\/\/furninova.com\/sv\/#\/schema\/logo\/image\/","url":"https:\/\/furninova.com\/sv\/wp-content\/uploads\/sites\/2\/2021\/03\/furninova-logotype-bottom.png","contentUrl":"https:\/\/furninova.com\/sv\/wp-content\/uploads\/sites\/2\/2021\/03\/furninova-logotype-bottom.png","width":387,"height":219,"caption":"Furninova AB"},"image":{"@id":"https:\/\/furninova.com\/sv\/#\/schema\/logo\/image\/"},"sameAs":["https:\/\/www.facebook.com\/furninovaab","https:\/\/www.instagram.com\/furninovaab\/","https:\/\/www.linkedin.com\/company\/furninova-ab"]}]}},"_links":{"self":[{"href":"https:\/\/furninova.com\/sv\/wp-json\/wp\/v2\/pages\/16598","targetHints":{"allow":["GET"]}}],"collection":[{"href":"https:\/\/furninova.com\/sv\/wp-json\/wp\/v2\/pages"}],"about":[{"href":"https:\/\/furninova.com\/sv\/wp-json\/wp\/v2\/types\/page"}],"author":[{"embeddable":true,"href":"https:\/\/furninova.com\/sv\/wp-json\/wp\/v2\/users\/3"}],"replies":[{"embeddable":true,"href":"https:\/\/furninova.com\/sv\/wp-json\/wp\/v2\/comments?post=16598"}],"version-history":[{"count":2,"href":"https:\/\/furninova.com\/sv\/wp-json\/wp\/v2\/pages\/16598\/revisions"}],"predecessor-version":[{"id":28886,"href":"https:\/\/furninova.com\/sv\/wp-json\/wp\/v2\/pages\/16598\/revisions\/28886"}],"wp:featuredmedia":[{"embeddable":true,"href":"https:\/\/furninova.com\/sv\/wp-json\/wp\/v2\/media\/24520"}],"wp:attachment":[{"href":"https:\/\/furninova.com\/sv\/wp-json\/wp\/v2\/media?parent=16598"}],"curies":[{"name":"wp","href":"https:\/\/api.w.org\/{rel}","templated":true}]}}