{"id":16597,"date":"2020-11-24T10:23:08","date_gmt":"2020-11-24T09:23:08","guid":{"rendered":"http:\/\/www.furninova.com\/sv\/?page_id=56"},"modified":"2023-08-24T09:33:12","modified_gmt":"2023-08-24T07:33:12","slug":"terms-of-use","status":"publish","type":"page","link":"https:\/\/furninova.com\/sv\/terms-of-use\/","title":{"rendered":"Anv\u00e4ndarvillkor"},"content":{"rendered":"\n<div class=\"wp-block-columns is-layout-flex wp-container-core-columns-is-layout-1 wp-block-columns-is-layout-flex\">\n<div class=\"wp-block-column is-layout-flow wp-block-column-is-layout-flow\" style=\"flex-basis:25%\"><\/div>\n\n\n\n<div class=\"wp-block-column is-layout-flow wp-block-column-is-layout-flow\" style=\"flex-basis:50%\">\n<h2 class=\"has-large-font-size wp-block-heading\" id=\"h-anv-ndarvillkor\">Anv\u00e4ndarvillkor<\/h2>\n\n\n\n<p>V\u00e4lkommen till v\u00e5r hemsida. Om du forts\u00e4tter att surfa och anv\u00e4nda denna webbplats, samtycker du till att f\u00f6lja och vara bunden av f\u00f6ljande anv\u00e4ndarvillkor, som tillsammans med v\u00e5r integritetspolicy styr Furninovas relation till dig i f\u00f6rh\u00e5llande till denna webbplats. Om du inte h\u00e5ller med om n\u00e5gon del av dessa villkor, anv\u00e4nd inte v\u00e5r webbplats.<\/p>\n\n\n\n<p>Termen \u201dFurninova\u201d eller \u201doss\u201d eller \u201dvi\u201d avser \u00e4garen av webbplatsen vars s\u00e4te \u00e4r Perssonv\u00e4g 3, 282 03 Bj\u00e4rnum. V\u00e5rt organisationsnummer \u00e4r 556434-1773, Sverige. Termen &#8221;du&#8221; syftar p\u00e5 anv\u00e4ndaren eller betraktaren p\u00e5 v\u00e5r webbplats. Anv\u00e4ndningen av denna webbplats \u00e4r f\u00f6rem\u00e5l f\u00f6r f\u00f6ljande anv\u00e4ndarvillkor:<\/p>\n\n\n\n<p>&#8211; Inneh\u00e5llet p\u00e5 sidorna p\u00e5 denna webbplats \u00e4r endast f\u00f6r din allm\u00e4nna information och anv\u00e4ndning. Det kan \u00e4ndras utan f\u00f6reg\u00e5ende meddelande.<\/p>\n\n\n\n<p>&#8211; Varken vi eller n\u00e5gon tredje part ger n\u00e5gra s\u00e4kerheter eller garantier f\u00f6r riktigheten, aktualiteten, prestanda, fullst\u00e4ndigheten eller l\u00e4mpligheten av informationen och materialet som finns eller erbjuds p\u00e5 denna webbplats f\u00f6r n\u00e5got speciellt \u00e4ndam\u00e5l. Du \u00e4r medveten om att s\u00e5dan information och s\u00e5dant material kan inneh\u00e5lla felaktigheter eller fel och vi undantar uttryckligen ansvar f\u00f6r s\u00e5dana felaktigheter eller fel i den utstr\u00e4ckning som lagen till\u00e5ter.<\/p>\n\n\n\n<p>&#8211; Din anv\u00e4ndning av information eller material p\u00e5 denna webbplats sker helt p\u00e5 egen risk, vilket vi inte \u00e4r ansvariga f\u00f6r. Det ska vara ditt eget ansvar att s\u00e4kerst\u00e4lla att alla produkter, tj\u00e4nster eller information som \u00e4r tillg\u00e4nglig via denna webbplats uppfyller dina specifika krav.<\/p>\n\n\n\n<p>&#8211; Denna webbplats inneh\u00e5ller material som \u00e4gs av eller licensieras av oss. Detta material inkluderar, men \u00e4r inte begr\u00e4nsat till, design, layout, utseende, utseende och grafik. Reproduktion \u00e4r f\u00f6rbjuden annat \u00e4n i enlighet med upphovsr\u00e4ttsmeddelandet, som utg\u00f6r en del av dessa villkor.<\/p>\n\n\n\n<p>&#8211; Alla varum\u00e4rken som \u00e5terges p\u00e5 denna webbplats, som inte tillh\u00f6r eller \u00e4r licensierade till operat\u00f6ren, \u00e4r erk\u00e4nda p\u00e5 webbplatsen.<\/p>\n\n\n\n<p>&#8211; Otill\u00e5ten anv\u00e4ndning av denna webbplats kan ge upphov till skadest\u00e5ndsanspr\u00e5k och\/eller vara ett brott.<\/p>\n\n\n\n<p>&#8211; D\u00e5 och d\u00e5 kan den h\u00e4r webbplatsen \u00e4ven inneh\u00e5lla l\u00e4nkar till andra webbplatser. Dessa l\u00e4nkar tillhandah\u00e5lls f\u00f6r din bekv\u00e4mlighet f\u00f6r att ge ytterligare information. De betyder inte att vi st\u00f6der webbplatsen\/webbplatserna. Vi har inget ansvar f\u00f6r inneh\u00e5llet p\u00e5 de l\u00e4nkade webbplatserna.- Din anv\u00e4ndning av denna webbplats och eventuella tvister som uppst\u00e5r till f\u00f6ljd av s\u00e5dan anv\u00e4ndning av webbplatsen lyder under svensk lag.<\/p>\n\n\n\n<p><br><\/p>\n\n\n\n<h2 class=\"wp-block-heading\" id=\"h-ansvarsfriskrivning\">Ansvarsfriskrivning<\/h2>\n\n\n\n<p>Informationen p\u00e5 denna webbplats \u00e4r endast f\u00f6r allm\u00e4n information. Informationen tillhandah\u00e5lls av Furninova och trots att vi str\u00e4var efter att h\u00e5lla informationen uppdaterad och korrekt, l\u00e4mnar vi inga garantier av n\u00e5got slag, uttryckliga eller underf\u00f6rst\u00e5dda, om fullst\u00e4ndigheten, riktigheten, tillf\u00f6rlitligheten, l\u00e4mpligheten eller tillg\u00e4ngligheten med avseende p\u00e5 webbplatsen, eller informationen, produkterna, tj\u00e4nsterna eller relaterad grafik som finns p\u00e5 webbplatsen f\u00f6r n\u00e5got syfte. All tillf\u00f6rlit du l\u00e4gger p\u00e5 s\u00e5dan information sker d\u00e4rf\u00f6r helt p\u00e5 din egen risk.<\/p>\n\n\n\n<p>Under inga omst\u00e4ndigheter kommer vi att h\u00e5llas ansvariga f\u00f6r n\u00e5gon f\u00f6rlust eller skada, inklusive utan begr\u00e4nsning, indirekt eller f\u00f6ljdf\u00f6rlust eller skada, eller n\u00e5gon f\u00f6rlust eller skada som helst som h\u00e4rr\u00f6r fr\u00e5n f\u00f6rlust av data eller vinst som uppst\u00e5r till f\u00f6ljd av, eller i samband med, anv\u00e4ndningen av denna webbplats .<\/p>\n\n\n\n<p>Genom denna webbplats kan du l\u00e4nka till andra webbplatser som inte \u00e4r under kontroll av Furninova. Vi har ingen kontroll \u00f6ver arten, inneh\u00e5llet och tillg\u00e4ngligheten av dessa webbplatser. Inkluderandet av n\u00e5gra l\u00e4nkar inneb\u00e4r inte n\u00f6dv\u00e4ndigtvis en rekommendation eller st\u00f6der de \u00e5sikter som uttrycks i dem. Alla anstr\u00e4ngningar g\u00f6rs f\u00f6r att h\u00e5lla webbplatsen ig\u00e5ng och fungera smidigt. Furninova tar dock inget ansvar f\u00f6r, och kommer inte att ansvara f\u00f6r att webbplatsen \u00e4r tillf\u00e4lligt otillg\u00e4nglig p\u00e5 grund av tekniska problem utanf\u00f6r v\u00e5r kontroll.<\/p>\n<\/div>\n\n\n\n<div class=\"wp-block-column is-layout-flow wp-block-column-is-layout-flow\" style=\"flex-basis:25%\"><\/div>\n<\/div>\n\n\n\n<p><\/p>\n","protected":false},"excerpt":{"rendered":"<p>Anv\u00e4ndarvillkor V\u00e4lkommen till v\u00e5r hemsida. Om du forts\u00e4tter att surfa och anv\u00e4nda denna webbplats, samtycker du till att f\u00f6lja och vara bunden av f\u00f6ljande anv\u00e4ndarvillkor, som tillsammans med v\u00e5r integritetspolicy styr Furninovas relation till dig i f\u00f6rh\u00e5llande till denna webbplats. Om du inte h\u00e5ller med om n\u00e5gon del av dessa villkor, anv\u00e4nd inte v\u00e5r webbplats. [&hellip;]<\/p>\n","protected":false},"author":3,"featured_media":24519,"parent":0,"menu_order":0,"comment_status":"closed","ping_status":"closed","template":"","meta":{"_acf_changed":false,"footnotes":""},"class_list":["post-16597","page","type-page","status-publish","has-post-thumbnail","hentry"],"acf":[],"yoast_head":"<!-- This site is optimized with the Yoast SEO Premium plugin v22.3 (Yoast SEO v24.4) - https:\/\/yoast.com\/wordpress\/plugins\/seo\/ -->\n<title>Anv\u00e4ndarvillkor | Furninova<\/title>\n<meta name=\"robots\" content=\"index, follow, max-snippet:-1, max-image-preview:large, max-video-preview:-1\" \/>\n<link rel=\"canonical\" href=\"https:\/\/furninova.com\/sv\/terms-of-use\/\" \/>\n<meta property=\"og:locale\" content=\"sv_SE\" \/>\n<meta property=\"og:type\" content=\"article\" \/>\n<meta property=\"og:title\" content=\"Anv\u00e4ndarvillkor\" \/>\n<meta property=\"og:description\" content=\"Anv\u00e4ndarvillkor V\u00e4lkommen till v\u00e5r hemsida. Om du forts\u00e4tter att surfa och anv\u00e4nda denna webbplats, samtycker du till att f\u00f6lja och vara bunden av f\u00f6ljande anv\u00e4ndarvillkor, som tillsammans med v\u00e5r integritetspolicy styr Furninovas relation till dig i f\u00f6rh\u00e5llande till denna webbplats. Om du inte h\u00e5ller med om n\u00e5gon del av dessa villkor, anv\u00e4nd inte v\u00e5r webbplats. [&hellip;]\" \/>\n<meta property=\"og:url\" content=\"https:\/\/furninova.com\/sv\/terms-of-use\/\" \/>\n<meta property=\"og:site_name\" content=\"Furninova\" \/>\n<meta property=\"article:publisher\" content=\"https:\/\/www.facebook.com\/furninovaab\" \/>\n<meta property=\"article:modified_time\" content=\"2023-08-24T07:33:12+00:00\" \/>\n<meta property=\"og:image\" content=\"https:\/\/furninova.com\/sv\/wp-content\/uploads\/sites\/2\/2021\/12\/Placeholder_Furninova_Anvandarvillkor-scaled.jpg\" \/>\n\t<meta property=\"og:image:width\" content=\"2560\" \/>\n\t<meta property=\"og:image:height\" content=\"1781\" \/>\n\t<meta property=\"og:image:type\" content=\"image\/jpeg\" \/>\n<meta name=\"twitter:card\" content=\"summary_large_image\" \/>\n<meta name=\"twitter:label1\" content=\"Ber\u00e4knad l\u00e4stid\" \/>\n\t<meta name=\"twitter:data1\" content=\"3 minuter\" \/>\n<script type=\"application\/ld+json\" class=\"yoast-schema-graph\">{\"@context\":\"https:\/\/schema.org\",\"@graph\":[{\"@type\":\"WebPage\",\"@id\":\"https:\/\/furninova.com\/sv\/terms-of-use\/\",\"url\":\"https:\/\/furninova.com\/sv\/terms-of-use\/\",\"name\":\"Anv\u00e4ndarvillkor | Furninova\",\"isPartOf\":{\"@id\":\"https:\/\/furninova.com\/sv\/#website\"},\"primaryImageOfPage\":{\"@id\":\"https:\/\/furninova.com\/sv\/terms-of-use\/#primaryimage\"},\"image\":{\"@id\":\"https:\/\/furninova.com\/sv\/terms-of-use\/#primaryimage\"},\"thumbnailUrl\":\"https:\/\/assets.furninova.com\/sites\/2\/2021\/12\/Placeholder_Furninova_Anvandarvillkor-scaled.jpg\",\"datePublished\":\"2020-11-24T09:23:08+00:00\",\"dateModified\":\"2023-08-24T07:33:12+00:00\",\"breadcrumb\":{\"@id\":\"https:\/\/furninova.com\/sv\/terms-of-use\/#breadcrumb\"},\"inLanguage\":\"sv-SE\",\"potentialAction\":[{\"@type\":\"ReadAction\",\"target\":[\"https:\/\/furninova.com\/sv\/terms-of-use\/\"]}]},{\"@type\":\"ImageObject\",\"inLanguage\":\"sv-SE\",\"@id\":\"https:\/\/furninova.com\/sv\/terms-of-use\/#primaryimage\",\"url\":\"https:\/\/assets.furninova.com\/sites\/2\/2021\/12\/Placeholder_Furninova_Anvandarvillkor-scaled.jpg\",\"contentUrl\":\"https:\/\/assets.furninova.com\/sites\/2\/2021\/12\/Placeholder_Furninova_Anvandarvillkor-scaled.jpg\",\"width\":2560,\"height\":1781},{\"@type\":\"BreadcrumbList\",\"@id\":\"https:\/\/furninova.com\/sv\/terms-of-use\/#breadcrumb\",\"itemListElement\":[{\"@type\":\"ListItem\",\"position\":1,\"name\":\"Home\",\"item\":\"https:\/\/furninova.com\/sv\/\"},{\"@type\":\"ListItem\",\"position\":2,\"name\":\"Anv\u00e4ndarvillkor\"}]},{\"@type\":\"WebSite\",\"@id\":\"https:\/\/furninova.com\/sv\/#website\",\"url\":\"https:\/\/furninova.com\/sv\/\",\"name\":\"Furninova\",\"description\":\"\u00c4nnu en webbplats hos Furninova\",\"publisher\":{\"@id\":\"https:\/\/furninova.com\/sv\/#organization\"},\"potentialAction\":[{\"@type\":\"SearchAction\",\"target\":{\"@type\":\"EntryPoint\",\"urlTemplate\":\"https:\/\/furninova.com\/sv\/?s={search_term_string}\"},\"query-input\":{\"@type\":\"PropertyValueSpecification\",\"valueRequired\":true,\"valueName\":\"search_term_string\"}}],\"inLanguage\":\"sv-SE\"},{\"@type\":\"Organization\",\"@id\":\"https:\/\/furninova.com\/sv\/#organization\",\"name\":\"Furninova AB\",\"url\":\"https:\/\/furninova.com\/sv\/\",\"logo\":{\"@type\":\"ImageObject\",\"inLanguage\":\"sv-SE\",\"@id\":\"https:\/\/furninova.com\/sv\/#\/schema\/logo\/image\/\",\"url\":\"https:\/\/furninova.com\/sv\/wp-content\/uploads\/sites\/2\/2021\/03\/furninova-logotype-bottom.png\",\"contentUrl\":\"https:\/\/furninova.com\/sv\/wp-content\/uploads\/sites\/2\/2021\/03\/furninova-logotype-bottom.png\",\"width\":387,\"height\":219,\"caption\":\"Furninova AB\"},\"image\":{\"@id\":\"https:\/\/furninova.com\/sv\/#\/schema\/logo\/image\/\"},\"sameAs\":[\"https:\/\/www.facebook.com\/furninovaab\",\"https:\/\/www.instagram.com\/furninovaab\/\",\"https:\/\/www.linkedin.com\/company\/furninova-ab\"]}]}<\/script>\n<!-- \/ Yoast SEO Premium plugin. -->","yoast_head_json":{"title":"Anv\u00e4ndarvillkor | Furninova","robots":{"index":"index","follow":"follow","max-snippet":"max-snippet:-1","max-image-preview":"max-image-preview:large","max-video-preview":"max-video-preview:-1"},"canonical":"https:\/\/furninova.com\/sv\/terms-of-use\/","og_locale":"sv_SE","og_type":"article","og_title":"Anv\u00e4ndarvillkor","og_description":"Anv\u00e4ndarvillkor V\u00e4lkommen till v\u00e5r hemsida. Om du forts\u00e4tter att surfa och anv\u00e4nda denna webbplats, samtycker du till att f\u00f6lja och vara bunden av f\u00f6ljande anv\u00e4ndarvillkor, som tillsammans med v\u00e5r integritetspolicy styr Furninovas relation till dig i f\u00f6rh\u00e5llande till denna webbplats. Om du inte h\u00e5ller med om n\u00e5gon del av dessa villkor, anv\u00e4nd inte v\u00e5r webbplats. [&hellip;]","og_url":"https:\/\/furninova.com\/sv\/terms-of-use\/","og_site_name":"Furninova","article_publisher":"https:\/\/www.facebook.com\/furninovaab","article_modified_time":"2023-08-24T07:33:12+00:00","og_image":[{"width":2560,"height":1781,"url":"https:\/\/furninova.com\/sv\/wp-content\/uploads\/sites\/2\/2021\/12\/Placeholder_Furninova_Anvandarvillkor-scaled.jpg","type":"image\/jpeg"}],"twitter_card":"summary_large_image","twitter_misc":{"Ber\u00e4knad l\u00e4stid":"3 minuter"},"schema":{"@context":"https:\/\/schema.org","@graph":[{"@type":"WebPage","@id":"https:\/\/furninova.com\/sv\/terms-of-use\/","url":"https:\/\/furninova.com\/sv\/terms-of-use\/","name":"Anv\u00e4ndarvillkor | Furninova","isPartOf":{"@id":"https:\/\/furninova.com\/sv\/#website"},"primaryImageOfPage":{"@id":"https:\/\/furninova.com\/sv\/terms-of-use\/#primaryimage"},"image":{"@id":"https:\/\/furninova.com\/sv\/terms-of-use\/#primaryimage"},"thumbnailUrl":"https:\/\/assets.furninova.com\/sites\/2\/2021\/12\/Placeholder_Furninova_Anvandarvillkor-scaled.jpg","datePublished":"2020-11-24T09:23:08+00:00","dateModified":"2023-08-24T07:33:12+00:00","breadcrumb":{"@id":"https:\/\/furninova.com\/sv\/terms-of-use\/#breadcrumb"},"inLanguage":"sv-SE","potentialAction":[{"@type":"ReadAction","target":["https:\/\/furninova.com\/sv\/terms-of-use\/"]}]},{"@type":"ImageObject","inLanguage":"sv-SE","@id":"https:\/\/furninova.com\/sv\/terms-of-use\/#primaryimage","url":"https:\/\/assets.furninova.com\/sites\/2\/2021\/12\/Placeholder_Furninova_Anvandarvillkor-scaled.jpg","contentUrl":"https:\/\/assets.furninova.com\/sites\/2\/2021\/12\/Placeholder_Furninova_Anvandarvillkor-scaled.jpg","width":2560,"height":1781},{"@type":"BreadcrumbList","@id":"https:\/\/furninova.com\/sv\/terms-of-use\/#breadcrumb","itemListElement":[{"@type":"ListItem","position":1,"name":"Home","item":"https:\/\/furninova.com\/sv\/"},{"@type":"ListItem","position":2,"name":"Anv\u00e4ndarvillkor"}]},{"@type":"WebSite","@id":"https:\/\/furninova.com\/sv\/#website","url":"https:\/\/furninova.com\/sv\/","name":"Furninova","description":"\u00c4nnu en webbplats hos Furninova","publisher":{"@id":"https:\/\/furninova.com\/sv\/#organization"},"potentialAction":[{"@type":"SearchAction","target":{"@type":"EntryPoint","urlTemplate":"https:\/\/furninova.com\/sv\/?s={search_term_string}"},"query-input":{"@type":"PropertyValueSpecification","valueRequired":true,"valueName":"search_term_string"}}],"inLanguage":"sv-SE"},{"@type":"Organization","@id":"https:\/\/furninova.com\/sv\/#organization","name":"Furninova AB","url":"https:\/\/furninova.com\/sv\/","logo":{"@type":"ImageObject","inLanguage":"sv-SE","@id":"https:\/\/furninova.com\/sv\/#\/schema\/logo\/image\/","url":"https:\/\/furninova.com\/sv\/wp-content\/uploads\/sites\/2\/2021\/03\/furninova-logotype-bottom.png","contentUrl":"https:\/\/furninova.com\/sv\/wp-content\/uploads\/sites\/2\/2021\/03\/furninova-logotype-bottom.png","width":387,"height":219,"caption":"Furninova AB"},"image":{"@id":"https:\/\/furninova.com\/sv\/#\/schema\/logo\/image\/"},"sameAs":["https:\/\/www.facebook.com\/furninovaab","https:\/\/www.instagram.com\/furninovaab\/","https:\/\/www.linkedin.com\/company\/furninova-ab"]}]}},"_links":{"self":[{"href":"https:\/\/furninova.com\/sv\/wp-json\/wp\/v2\/pages\/16597","targetHints":{"allow":["GET"]}}],"collection":[{"href":"https:\/\/furninova.com\/sv\/wp-json\/wp\/v2\/pages"}],"about":[{"href":"https:\/\/furninova.com\/sv\/wp-json\/wp\/v2\/types\/page"}],"author":[{"embeddable":true,"href":"https:\/\/furninova.com\/sv\/wp-json\/wp\/v2\/users\/3"}],"replies":[{"embeddable":true,"href":"https:\/\/furninova.com\/sv\/wp-json\/wp\/v2\/comments?post=16597"}],"version-history":[{"count":3,"href":"https:\/\/furninova.com\/sv\/wp-json\/wp\/v2\/pages\/16597\/revisions"}],"predecessor-version":[{"id":24531,"href":"https:\/\/furninova.com\/sv\/wp-json\/wp\/v2\/pages\/16597\/revisions\/24531"}],"wp:featuredmedia":[{"embeddable":true,"href":"https:\/\/furninova.com\/sv\/wp-json\/wp\/v2\/media\/24519"}],"wp:attachment":[{"href":"https:\/\/furninova.com\/sv\/wp-json\/wp\/v2\/media?parent=16597"}],"curies":[{"name":"wp","href":"https:\/\/api.w.org\/{rel}","templated":true}]}}