{"id":16595,"date":"2020-11-24T10:22:35","date_gmt":"2020-11-24T09:22:35","guid":{"rendered":"http:\/\/www.furninova.com\/sv\/?page_id=50"},"modified":"2024-08-12T16:20:06","modified_gmt":"2024-08-12T14:20:06","slug":"kontakt","status":"publish","type":"page","link":"https:\/\/furninova.com\/sv\/kontakt\/","title":{"rendered":"Kontakta oss"},"content":{"rendered":"\n<div class=\"wp-block-columns is-layout-flex wp-container-core-columns-is-layout-1 wp-block-columns-is-layout-flex\">\n<div class=\"wp-block-column is-layout-flow wp-block-column-is-layout-flow\">\n<h1 class=\"wp-block-heading has-text-align-center\" id=\"h-kontakt\" style=\"font-size:72px\">Kontakt<\/h1>\n\n\n\n<h2 class=\"wp-block-heading has-text-align-center has-normal-font-size\">Huvudkontoret<\/h2>\n\n\n\n<p class=\"has-text-align-center\">Furninova AB<br>Hallarydsv\u00e4gen 56A<br>SE-285 39, Markaryd<br>+46 451 \u2013 77 56 00<\/p>\n\n\n\n<h2 class=\"wp-block-heading has-text-align-center has-normal-font-size\" id=\"h-allmanna-fragor\">Allm\u00e4nna fr\u00e5gor<\/h2>\n\n\n\n<p class=\"has-text-align-center\">Maila <a href=\"mailto:info@www.furninova.com\/sv\">info@furninova.se<\/a> f\u00f6r allm\u00e4na fr\u00e5gor.<\/p>\n\n\n\n<h2 class=\"wp-block-heading has-text-align-center has-normal-font-size\" id=\"h-letar-du-efter-en-aterforsaljare\">Letar du efter en \u00e5terf\u00f6rs\u00e4ljare?<\/h2>\n\n\n\n<p class=\"has-text-align-center\">F\u00f6r reklamationer och k\u00f6p som slutkonsument h\u00e4nvisar vi dig till v\u00e5ra \u00e5terf\u00f6rs\u00e4ljare som du hittar i v\u00e5r <a href=\"https:\/\/furninova.com\/sv\/hitta-en-aterforsaljare\/\">\u00c5terf\u00f6rs\u00e4ljarkarta<\/a>. Vi hanterar inte reklamationer eller s\u00e4ljer direkt till slutkonsument.<\/p>\n<\/div>\n<\/div>\n\n\n\n<div class=\"wp-block-columns is-layout-flex wp-container-core-columns-is-layout-2 wp-block-columns-is-layout-flex\">\n<div class=\"wp-block-column is-layout-flow wp-block-column-is-layout-flow\"><\/div>\n<\/div>\n","protected":false},"excerpt":{"rendered":"<p>Kontakt Huvudkontoret Furninova ABHallarydsv\u00e4gen 56ASE-285 39, Markaryd+46 451 \u2013 77 56 00 Allm\u00e4nna fr\u00e5gor Maila info@furninova.se f\u00f6r allm\u00e4na fr\u00e5gor. Letar du efter en \u00e5terf\u00f6rs\u00e4ljare? F\u00f6r reklamationer och k\u00f6p som slutkonsument h\u00e4nvisar vi dig till v\u00e5ra \u00e5terf\u00f6rs\u00e4ljare som du hittar i v\u00e5r \u00c5terf\u00f6rs\u00e4ljarkarta. Vi hanterar inte reklamationer eller s\u00e4ljer direkt till slutkonsument.<\/p>\n","protected":false},"author":3,"featured_media":24518,"parent":0,"menu_order":0,"comment_status":"closed","ping_status":"closed","template":"","meta":{"_acf_changed":false,"footnotes":""},"class_list":["post-16595","page","type-page","status-publish","has-post-thumbnail","hentry"],"acf":[],"yoast_head":"<!-- This site is optimized with the Yoast SEO Premium plugin v22.3 (Yoast SEO v24.4) - https:\/\/yoast.com\/wordpress\/plugins\/seo\/ -->\n<title>Feel free to contact us by telephone or email. We are here to help.<\/title>\n<meta name=\"description\" content=\"Feel free to contact us by telephone or email and we will be sure to get back to you as soon as possible. We are here to help.\" \/>\n<meta name=\"robots\" content=\"index, follow, max-snippet:-1, max-image-preview:large, max-video-preview:-1\" \/>\n<link rel=\"canonical\" href=\"https:\/\/furninova.com\/sv\/kontakt\/\" \/>\n<meta property=\"og:locale\" content=\"sv_SE\" \/>\n<meta property=\"og:type\" content=\"article\" \/>\n<meta property=\"og:title\" content=\"Kontakta oss\" \/>\n<meta property=\"og:description\" content=\"Feel free to contact us by telephone or email and we will be sure to get back to you as soon as possible. We are here to help.\" \/>\n<meta property=\"og:url\" content=\"https:\/\/furninova.com\/sv\/kontakt\/\" \/>\n<meta property=\"og:site_name\" content=\"Furninova\" \/>\n<meta property=\"article:publisher\" content=\"https:\/\/www.facebook.com\/furninovaab\" \/>\n<meta property=\"article:modified_time\" content=\"2024-08-12T14:20:06+00:00\" \/>\n<meta property=\"og:image\" content=\"https:\/\/furninova.com\/app\/uploads\/sites\/2\/2021\/12\/Placeholder_Furninova_Kontakt-scaled.jpg\" \/>\n\t<meta property=\"og:image:width\" content=\"2560\" \/>\n\t<meta property=\"og:image:height\" content=\"1781\" \/>\n\t<meta property=\"og:image:type\" content=\"image\/jpeg\" \/>\n<meta name=\"twitter:card\" content=\"summary_large_image\" \/>\n<meta name=\"twitter:label1\" content=\"Ber\u00e4knad l\u00e4stid\" \/>\n\t<meta name=\"twitter:data1\" content=\"1 minut\" \/>\n<script type=\"application\/ld+json\" class=\"yoast-schema-graph\">{\"@context\":\"https:\/\/schema.org\",\"@graph\":[{\"@type\":\"WebPage\",\"@id\":\"https:\/\/furninova.com\/sv\/kontakt\/\",\"url\":\"https:\/\/furninova.com\/sv\/kontakt\/\",\"name\":\"Feel free to contact us by telephone or email. We are here to help.\",\"isPartOf\":{\"@id\":\"https:\/\/furninova.com\/sv\/#website\"},\"primaryImageOfPage\":{\"@id\":\"https:\/\/furninova.com\/sv\/kontakt\/#primaryimage\"},\"image\":{\"@id\":\"https:\/\/furninova.com\/sv\/kontakt\/#primaryimage\"},\"thumbnailUrl\":\"https:\/\/assets.furninova.com\/sites\/2\/2021\/12\/Placeholder_Furninova_Kontakt-scaled.jpg\",\"datePublished\":\"2020-11-24T09:22:35+00:00\",\"dateModified\":\"2024-08-12T14:20:06+00:00\",\"description\":\"Feel free to contact us by telephone or email and we will be sure to get back to you as soon as possible. We are here to help.\",\"breadcrumb\":{\"@id\":\"https:\/\/furninova.com\/sv\/kontakt\/#breadcrumb\"},\"inLanguage\":\"sv-SE\",\"potentialAction\":[{\"@type\":\"ReadAction\",\"target\":[\"https:\/\/furninova.com\/sv\/kontakt\/\"]}]},{\"@type\":\"ImageObject\",\"inLanguage\":\"sv-SE\",\"@id\":\"https:\/\/furninova.com\/sv\/kontakt\/#primaryimage\",\"url\":\"https:\/\/assets.furninova.com\/sites\/2\/2021\/12\/Placeholder_Furninova_Kontakt-scaled.jpg\",\"contentUrl\":\"https:\/\/assets.furninova.com\/sites\/2\/2021\/12\/Placeholder_Furninova_Kontakt-scaled.jpg\",\"width\":2560,\"height\":1781},{\"@type\":\"BreadcrumbList\",\"@id\":\"https:\/\/furninova.com\/sv\/kontakt\/#breadcrumb\",\"itemListElement\":[{\"@type\":\"ListItem\",\"position\":1,\"name\":\"Home\",\"item\":\"https:\/\/furninova.com\/sv\/\"},{\"@type\":\"ListItem\",\"position\":2,\"name\":\"Kontakta oss\"}]},{\"@type\":\"WebSite\",\"@id\":\"https:\/\/furninova.com\/sv\/#website\",\"url\":\"https:\/\/furninova.com\/sv\/\",\"name\":\"Furninova\",\"description\":\"\u00c4nnu en webbplats hos Furninova\",\"publisher\":{\"@id\":\"https:\/\/furninova.com\/sv\/#organization\"},\"potentialAction\":[{\"@type\":\"SearchAction\",\"target\":{\"@type\":\"EntryPoint\",\"urlTemplate\":\"https:\/\/furninova.com\/sv\/?s={search_term_string}\"},\"query-input\":{\"@type\":\"PropertyValueSpecification\",\"valueRequired\":true,\"valueName\":\"search_term_string\"}}],\"inLanguage\":\"sv-SE\"},{\"@type\":\"Organization\",\"@id\":\"https:\/\/furninova.com\/sv\/#organization\",\"name\":\"Furninova AB\",\"url\":\"https:\/\/furninova.com\/sv\/\",\"logo\":{\"@type\":\"ImageObject\",\"inLanguage\":\"sv-SE\",\"@id\":\"https:\/\/furninova.com\/sv\/#\/schema\/logo\/image\/\",\"url\":\"https:\/\/furninova.com\/sv\/wp-content\/uploads\/sites\/2\/2021\/03\/furninova-logotype-bottom.png\",\"contentUrl\":\"https:\/\/furninova.com\/sv\/wp-content\/uploads\/sites\/2\/2021\/03\/furninova-logotype-bottom.png\",\"width\":387,\"height\":219,\"caption\":\"Furninova AB\"},\"image\":{\"@id\":\"https:\/\/furninova.com\/sv\/#\/schema\/logo\/image\/\"},\"sameAs\":[\"https:\/\/www.facebook.com\/furninovaab\",\"https:\/\/www.instagram.com\/furninovaab\/\",\"https:\/\/www.linkedin.com\/company\/furninova-ab\"]}]}<\/script>\n<!-- \/ Yoast SEO Premium plugin. -->","yoast_head_json":{"title":"Feel free to contact us by telephone or email. We are here to help.","description":"Feel free to contact us by telephone or email and we will be sure to get back to you as soon as possible. We are here to help.","robots":{"index":"index","follow":"follow","max-snippet":"max-snippet:-1","max-image-preview":"max-image-preview:large","max-video-preview":"max-video-preview:-1"},"canonical":"https:\/\/furninova.com\/sv\/kontakt\/","og_locale":"sv_SE","og_type":"article","og_title":"Kontakta oss","og_description":"Feel free to contact us by telephone or email and we will be sure to get back to you as soon as possible. We are here to help.","og_url":"https:\/\/furninova.com\/sv\/kontakt\/","og_site_name":"Furninova","article_publisher":"https:\/\/www.facebook.com\/furninovaab","article_modified_time":"2024-08-12T14:20:06+00:00","og_image":[{"width":2560,"height":1781,"url":"https:\/\/furninova.com\/app\/uploads\/sites\/2\/2021\/12\/Placeholder_Furninova_Kontakt-scaled.jpg","type":"image\/jpeg"}],"twitter_card":"summary_large_image","twitter_misc":{"Ber\u00e4knad l\u00e4stid":"1 minut"},"schema":{"@context":"https:\/\/schema.org","@graph":[{"@type":"WebPage","@id":"https:\/\/furninova.com\/sv\/kontakt\/","url":"https:\/\/furninova.com\/sv\/kontakt\/","name":"Feel free to contact us by telephone or email. We are here to help.","isPartOf":{"@id":"https:\/\/furninova.com\/sv\/#website"},"primaryImageOfPage":{"@id":"https:\/\/furninova.com\/sv\/kontakt\/#primaryimage"},"image":{"@id":"https:\/\/furninova.com\/sv\/kontakt\/#primaryimage"},"thumbnailUrl":"https:\/\/assets.furninova.com\/sites\/2\/2021\/12\/Placeholder_Furninova_Kontakt-scaled.jpg","datePublished":"2020-11-24T09:22:35+00:00","dateModified":"2024-08-12T14:20:06+00:00","description":"Feel free to contact us by telephone or email and we will be sure to get back to you as soon as possible. We are here to help.","breadcrumb":{"@id":"https:\/\/furninova.com\/sv\/kontakt\/#breadcrumb"},"inLanguage":"sv-SE","potentialAction":[{"@type":"ReadAction","target":["https:\/\/furninova.com\/sv\/kontakt\/"]}]},{"@type":"ImageObject","inLanguage":"sv-SE","@id":"https:\/\/furninova.com\/sv\/kontakt\/#primaryimage","url":"https:\/\/assets.furninova.com\/sites\/2\/2021\/12\/Placeholder_Furninova_Kontakt-scaled.jpg","contentUrl":"https:\/\/assets.furninova.com\/sites\/2\/2021\/12\/Placeholder_Furninova_Kontakt-scaled.jpg","width":2560,"height":1781},{"@type":"BreadcrumbList","@id":"https:\/\/furninova.com\/sv\/kontakt\/#breadcrumb","itemListElement":[{"@type":"ListItem","position":1,"name":"Home","item":"https:\/\/furninova.com\/sv\/"},{"@type":"ListItem","position":2,"name":"Kontakta oss"}]},{"@type":"WebSite","@id":"https:\/\/furninova.com\/sv\/#website","url":"https:\/\/furninova.com\/sv\/","name":"Furninova","description":"\u00c4nnu en webbplats hos Furninova","publisher":{"@id":"https:\/\/furninova.com\/sv\/#organization"},"potentialAction":[{"@type":"SearchAction","target":{"@type":"EntryPoint","urlTemplate":"https:\/\/furninova.com\/sv\/?s={search_term_string}"},"query-input":{"@type":"PropertyValueSpecification","valueRequired":true,"valueName":"search_term_string"}}],"inLanguage":"sv-SE"},{"@type":"Organization","@id":"https:\/\/furninova.com\/sv\/#organization","name":"Furninova AB","url":"https:\/\/furninova.com\/sv\/","logo":{"@type":"ImageObject","inLanguage":"sv-SE","@id":"https:\/\/furninova.com\/sv\/#\/schema\/logo\/image\/","url":"https:\/\/furninova.com\/sv\/wp-content\/uploads\/sites\/2\/2021\/03\/furninova-logotype-bottom.png","contentUrl":"https:\/\/furninova.com\/sv\/wp-content\/uploads\/sites\/2\/2021\/03\/furninova-logotype-bottom.png","width":387,"height":219,"caption":"Furninova AB"},"image":{"@id":"https:\/\/furninova.com\/sv\/#\/schema\/logo\/image\/"},"sameAs":["https:\/\/www.facebook.com\/furninovaab","https:\/\/www.instagram.com\/furninovaab\/","https:\/\/www.linkedin.com\/company\/furninova-ab"]}]}},"_links":{"self":[{"href":"https:\/\/furninova.com\/sv\/wp-json\/wp\/v2\/pages\/16595","targetHints":{"allow":["GET"]}}],"collection":[{"href":"https:\/\/furninova.com\/sv\/wp-json\/wp\/v2\/pages"}],"about":[{"href":"https:\/\/furninova.com\/sv\/wp-json\/wp\/v2\/types\/page"}],"author":[{"embeddable":true,"href":"https:\/\/furninova.com\/sv\/wp-json\/wp\/v2\/users\/3"}],"replies":[{"embeddable":true,"href":"https:\/\/furninova.com\/sv\/wp-json\/wp\/v2\/comments?post=16595"}],"version-history":[{"count":6,"href":"https:\/\/furninova.com\/sv\/wp-json\/wp\/v2\/pages\/16595\/revisions"}],"predecessor-version":[{"id":29256,"href":"https:\/\/furninova.com\/sv\/wp-json\/wp\/v2\/pages\/16595\/revisions\/29256"}],"wp:featuredmedia":[{"embeddable":true,"href":"https:\/\/furninova.com\/sv\/wp-json\/wp\/v2\/media\/24518"}],"wp:attachment":[{"href":"https:\/\/furninova.com\/sv\/wp-json\/wp\/v2\/media?parent=16595"}],"curies":[{"name":"wp","href":"https:\/\/api.w.org\/{rel}","templated":true}]}}