{"id":16587,"date":"2020-11-24T10:22:21","date_gmt":"2020-11-24T09:22:21","guid":{"rendered":"http:\/\/www.furninova.com\/sv\/?page_id=48"},"modified":"2024-07-10T13:48:15","modified_gmt":"2024-07-10T11:48:15","slug":"hitta-en-aterforsaljare","status":"publish","type":"page","link":"https:\/\/furninova.com\/sv\/hitta-en-aterforsaljare\/","title":{"rendered":"Hitta en \u00e5terf\u00f6rs\u00e4ljare"},"content":{"rendered":"","protected":false},"excerpt":{"rendered":"","protected":false},"author":3,"featured_media":29247,"parent":0,"menu_order":0,"comment_status":"closed","ping_status":"closed","template":"tpl-storelocator.php","meta":{"_acf_changed":false,"footnotes":""},"class_list":["post-16587","page","type-page","status-publish","has-post-thumbnail","hentry"],"acf":[],"yoast_head":"<!-- This site is optimized with the Yoast SEO Premium plugin v22.3 (Yoast SEO v24.4) - https:\/\/yoast.com\/wordpress\/plugins\/seo\/ -->\n<title>Hitta en Furninova \u00e5terf\u00f6rs\u00e4ljare n\u00e4ra dig genom v\u00e5r smarta butikskarta<\/title>\n<meta name=\"description\" content=\"Hitta en Furninova \u00e5terf\u00f6rs\u00e4ljare genom v\u00e5r smarta butikskarta. Upplev v\u00e5ra soffor i en butik du gillar n\u00e4ra dig - det tj\u00e4nar du och milj\u00f6n p\u00e5!\" \/>\n<meta name=\"robots\" content=\"index, follow, max-snippet:-1, max-image-preview:large, max-video-preview:-1\" \/>\n<link rel=\"canonical\" href=\"https:\/\/furninova.com\/sv\/hitta-en-aterforsaljare\/\" \/>\n<meta property=\"og:locale\" content=\"sv_SE\" \/>\n<meta property=\"og:type\" content=\"article\" \/>\n<meta property=\"og:title\" content=\"Hitta en \u00e5terf\u00f6rs\u00e4ljare\" \/>\n<meta property=\"og:description\" content=\"Hitta en Furninova \u00e5terf\u00f6rs\u00e4ljare genom v\u00e5r smarta butikskarta. Upplev v\u00e5ra soffor i en butik du gillar n\u00e4ra dig - det tj\u00e4nar du och milj\u00f6n p\u00e5!\" \/>\n<meta property=\"og:url\" content=\"https:\/\/furninova.com\/sv\/hitta-en-aterforsaljare\/\" \/>\n<meta property=\"og:site_name\" content=\"Furninova\" \/>\n<meta property=\"article:publisher\" content=\"https:\/\/www.facebook.com\/furninovaab\" \/>\n<meta property=\"article:modified_time\" content=\"2024-07-10T11:48:15+00:00\" \/>\n<meta property=\"og:image\" content=\"https:\/\/furninova.com\/app\/uploads\/sites\/2\/2024\/07\/Hands_storelocator_2.jpg\" \/>\n\t<meta property=\"og:image:width\" content=\"908\" \/>\n\t<meta property=\"og:image:height\" content=\"1240\" \/>\n\t<meta property=\"og:image:type\" content=\"image\/jpeg\" \/>\n<meta name=\"twitter:card\" content=\"summary_large_image\" \/>\n<meta name=\"twitter:label1\" content=\"Ber\u00e4knad l\u00e4stid\" \/>\n\t<meta name=\"twitter:data1\" content=\"1 minut\" \/>\n<script type=\"application\/ld+json\" class=\"yoast-schema-graph\">{\"@context\":\"https:\/\/schema.org\",\"@graph\":[{\"@type\":\"WebPage\",\"@id\":\"https:\/\/furninova.com\/sv\/hitta-en-aterforsaljare\/\",\"url\":\"https:\/\/furninova.com\/sv\/hitta-en-aterforsaljare\/\",\"name\":\"Hitta en Furninova \u00e5terf\u00f6rs\u00e4ljare n\u00e4ra dig genom v\u00e5r smarta butikskarta\",\"isPartOf\":{\"@id\":\"https:\/\/furninova.com\/sv\/#website\"},\"primaryImageOfPage\":{\"@id\":\"https:\/\/furninova.com\/sv\/hitta-en-aterforsaljare\/#primaryimage\"},\"image\":{\"@id\":\"https:\/\/furninova.com\/sv\/hitta-en-aterforsaljare\/#primaryimage\"},\"thumbnailUrl\":\"https:\/\/assets.furninova.com\/sites\/2\/2024\/07\/Hands_storelocator_2.jpg\",\"datePublished\":\"2020-11-24T09:22:21+00:00\",\"dateModified\":\"2024-07-10T11:48:15+00:00\",\"description\":\"Hitta en Furninova \u00e5terf\u00f6rs\u00e4ljare genom v\u00e5r smarta butikskarta. Upplev v\u00e5ra soffor i en butik du gillar n\u00e4ra dig - det tj\u00e4nar du och milj\u00f6n p\u00e5!\",\"breadcrumb\":{\"@id\":\"https:\/\/furninova.com\/sv\/hitta-en-aterforsaljare\/#breadcrumb\"},\"inLanguage\":\"sv-SE\",\"potentialAction\":[{\"@type\":\"ReadAction\",\"target\":[\"https:\/\/furninova.com\/sv\/hitta-en-aterforsaljare\/\"]}]},{\"@type\":\"ImageObject\",\"inLanguage\":\"sv-SE\",\"@id\":\"https:\/\/furninova.com\/sv\/hitta-en-aterforsaljare\/#primaryimage\",\"url\":\"https:\/\/assets.furninova.com\/sites\/2\/2024\/07\/Hands_storelocator_2.jpg\",\"contentUrl\":\"https:\/\/assets.furninova.com\/sites\/2\/2024\/07\/Hands_storelocator_2.jpg\",\"width\":908,\"height\":1240,\"caption\":\"cell phone blank white screen mockup.woman hand holding texting using mobile on desk at office.background empty space for advertise.work people contact marketing business,technology\"},{\"@type\":\"BreadcrumbList\",\"@id\":\"https:\/\/furninova.com\/sv\/hitta-en-aterforsaljare\/#breadcrumb\",\"itemListElement\":[{\"@type\":\"ListItem\",\"position\":1,\"name\":\"Home\",\"item\":\"https:\/\/furninova.com\/sv\/\"},{\"@type\":\"ListItem\",\"position\":2,\"name\":\"Hitta en \u00e5terf\u00f6rs\u00e4ljare\"}]},{\"@type\":\"WebSite\",\"@id\":\"https:\/\/furninova.com\/sv\/#website\",\"url\":\"https:\/\/furninova.com\/sv\/\",\"name\":\"Furninova\",\"description\":\"\u00c4nnu en webbplats hos Furninova\",\"publisher\":{\"@id\":\"https:\/\/furninova.com\/sv\/#organization\"},\"potentialAction\":[{\"@type\":\"SearchAction\",\"target\":{\"@type\":\"EntryPoint\",\"urlTemplate\":\"https:\/\/furninova.com\/sv\/?s={search_term_string}\"},\"query-input\":{\"@type\":\"PropertyValueSpecification\",\"valueRequired\":true,\"valueName\":\"search_term_string\"}}],\"inLanguage\":\"sv-SE\"},{\"@type\":\"Organization\",\"@id\":\"https:\/\/furninova.com\/sv\/#organization\",\"name\":\"Furninova AB\",\"url\":\"https:\/\/furninova.com\/sv\/\",\"logo\":{\"@type\":\"ImageObject\",\"inLanguage\":\"sv-SE\",\"@id\":\"https:\/\/furninova.com\/sv\/#\/schema\/logo\/image\/\",\"url\":\"https:\/\/furninova.com\/sv\/wp-content\/uploads\/sites\/2\/2021\/03\/furninova-logotype-bottom.png\",\"contentUrl\":\"https:\/\/furninova.com\/sv\/wp-content\/uploads\/sites\/2\/2021\/03\/furninova-logotype-bottom.png\",\"width\":387,\"height\":219,\"caption\":\"Furninova AB\"},\"image\":{\"@id\":\"https:\/\/furninova.com\/sv\/#\/schema\/logo\/image\/\"},\"sameAs\":[\"https:\/\/www.facebook.com\/furninovaab\",\"https:\/\/www.instagram.com\/furninovaab\/\",\"https:\/\/www.linkedin.com\/company\/furninova-ab\"]}]}<\/script>\n<!-- \/ Yoast SEO Premium plugin. -->","yoast_head_json":{"title":"Hitta en Furninova \u00e5terf\u00f6rs\u00e4ljare n\u00e4ra dig genom v\u00e5r smarta butikskarta","description":"Hitta en Furninova \u00e5terf\u00f6rs\u00e4ljare genom v\u00e5r smarta butikskarta. Upplev v\u00e5ra soffor i en butik du gillar n\u00e4ra dig - det tj\u00e4nar du och milj\u00f6n p\u00e5!","robots":{"index":"index","follow":"follow","max-snippet":"max-snippet:-1","max-image-preview":"max-image-preview:large","max-video-preview":"max-video-preview:-1"},"canonical":"https:\/\/furninova.com\/sv\/hitta-en-aterforsaljare\/","og_locale":"sv_SE","og_type":"article","og_title":"Hitta en \u00e5terf\u00f6rs\u00e4ljare","og_description":"Hitta en Furninova \u00e5terf\u00f6rs\u00e4ljare genom v\u00e5r smarta butikskarta. Upplev v\u00e5ra soffor i en butik du gillar n\u00e4ra dig - det tj\u00e4nar du och milj\u00f6n p\u00e5!","og_url":"https:\/\/furninova.com\/sv\/hitta-en-aterforsaljare\/","og_site_name":"Furninova","article_publisher":"https:\/\/www.facebook.com\/furninovaab","article_modified_time":"2024-07-10T11:48:15+00:00","og_image":[{"width":908,"height":1240,"url":"https:\/\/furninova.com\/app\/uploads\/sites\/2\/2024\/07\/Hands_storelocator_2.jpg","type":"image\/jpeg"}],"twitter_card":"summary_large_image","twitter_misc":{"Ber\u00e4knad l\u00e4stid":"1 minut"},"schema":{"@context":"https:\/\/schema.org","@graph":[{"@type":"WebPage","@id":"https:\/\/furninova.com\/sv\/hitta-en-aterforsaljare\/","url":"https:\/\/furninova.com\/sv\/hitta-en-aterforsaljare\/","name":"Hitta en Furninova \u00e5terf\u00f6rs\u00e4ljare n\u00e4ra dig genom v\u00e5r smarta butikskarta","isPartOf":{"@id":"https:\/\/furninova.com\/sv\/#website"},"primaryImageOfPage":{"@id":"https:\/\/furninova.com\/sv\/hitta-en-aterforsaljare\/#primaryimage"},"image":{"@id":"https:\/\/furninova.com\/sv\/hitta-en-aterforsaljare\/#primaryimage"},"thumbnailUrl":"https:\/\/assets.furninova.com\/sites\/2\/2024\/07\/Hands_storelocator_2.jpg","datePublished":"2020-11-24T09:22:21+00:00","dateModified":"2024-07-10T11:48:15+00:00","description":"Hitta en Furninova \u00e5terf\u00f6rs\u00e4ljare genom v\u00e5r smarta butikskarta. Upplev v\u00e5ra soffor i en butik du gillar n\u00e4ra dig - det tj\u00e4nar du och milj\u00f6n p\u00e5!","breadcrumb":{"@id":"https:\/\/furninova.com\/sv\/hitta-en-aterforsaljare\/#breadcrumb"},"inLanguage":"sv-SE","potentialAction":[{"@type":"ReadAction","target":["https:\/\/furninova.com\/sv\/hitta-en-aterforsaljare\/"]}]},{"@type":"ImageObject","inLanguage":"sv-SE","@id":"https:\/\/furninova.com\/sv\/hitta-en-aterforsaljare\/#primaryimage","url":"https:\/\/assets.furninova.com\/sites\/2\/2024\/07\/Hands_storelocator_2.jpg","contentUrl":"https:\/\/assets.furninova.com\/sites\/2\/2024\/07\/Hands_storelocator_2.jpg","width":908,"height":1240,"caption":"cell phone blank white screen mockup.woman hand holding texting using mobile on desk at office.background empty space for advertise.work people contact marketing business,technology"},{"@type":"BreadcrumbList","@id":"https:\/\/furninova.com\/sv\/hitta-en-aterforsaljare\/#breadcrumb","itemListElement":[{"@type":"ListItem","position":1,"name":"Home","item":"https:\/\/furninova.com\/sv\/"},{"@type":"ListItem","position":2,"name":"Hitta en \u00e5terf\u00f6rs\u00e4ljare"}]},{"@type":"WebSite","@id":"https:\/\/furninova.com\/sv\/#website","url":"https:\/\/furninova.com\/sv\/","name":"Furninova","description":"\u00c4nnu en webbplats hos Furninova","publisher":{"@id":"https:\/\/furninova.com\/sv\/#organization"},"potentialAction":[{"@type":"SearchAction","target":{"@type":"EntryPoint","urlTemplate":"https:\/\/furninova.com\/sv\/?s={search_term_string}"},"query-input":{"@type":"PropertyValueSpecification","valueRequired":true,"valueName":"search_term_string"}}],"inLanguage":"sv-SE"},{"@type":"Organization","@id":"https:\/\/furninova.com\/sv\/#organization","name":"Furninova AB","url":"https:\/\/furninova.com\/sv\/","logo":{"@type":"ImageObject","inLanguage":"sv-SE","@id":"https:\/\/furninova.com\/sv\/#\/schema\/logo\/image\/","url":"https:\/\/furninova.com\/sv\/wp-content\/uploads\/sites\/2\/2021\/03\/furninova-logotype-bottom.png","contentUrl":"https:\/\/furninova.com\/sv\/wp-content\/uploads\/sites\/2\/2021\/03\/furninova-logotype-bottom.png","width":387,"height":219,"caption":"Furninova AB"},"image":{"@id":"https:\/\/furninova.com\/sv\/#\/schema\/logo\/image\/"},"sameAs":["https:\/\/www.facebook.com\/furninovaab","https:\/\/www.instagram.com\/furninovaab\/","https:\/\/www.linkedin.com\/company\/furninova-ab"]}]}},"_links":{"self":[{"href":"https:\/\/furninova.com\/sv\/wp-json\/wp\/v2\/pages\/16587","targetHints":{"allow":["GET"]}}],"collection":[{"href":"https:\/\/furninova.com\/sv\/wp-json\/wp\/v2\/pages"}],"about":[{"href":"https:\/\/furninova.com\/sv\/wp-json\/wp\/v2\/types\/page"}],"author":[{"embeddable":true,"href":"https:\/\/furninova.com\/sv\/wp-json\/wp\/v2\/users\/3"}],"replies":[{"embeddable":true,"href":"https:\/\/furninova.com\/sv\/wp-json\/wp\/v2\/comments?post=16587"}],"version-history":[{"count":1,"href":"https:\/\/furninova.com\/sv\/wp-json\/wp\/v2\/pages\/16587\/revisions"}],"predecessor-version":[{"id":24511,"href":"https:\/\/furninova.com\/sv\/wp-json\/wp\/v2\/pages\/16587\/revisions\/24511"}],"wp:featuredmedia":[{"embeddable":true,"href":"https:\/\/furninova.com\/sv\/wp-json\/wp\/v2\/media\/29247"}],"wp:attachment":[{"href":"https:\/\/furninova.com\/sv\/wp-json\/wp\/v2\/media?parent=16587"}],"curies":[{"name":"wp","href":"https:\/\/api.w.org\/{rel}","templated":true}]}}