{"id":16586,"date":"2020-11-24T10:22:13","date_gmt":"2020-11-24T09:22:13","guid":{"rendered":"http:\/\/www.furninova.com\/sv\/?page_id=46"},"modified":"2023-08-24T09:35:31","modified_gmt":"2023-08-24T07:35:31","slug":"a-virtual-tour-of-our-scandinavian-showrooms","status":"publish","type":"page","link":"https:\/\/furninova.com\/sv\/a-virtual-tour-of-our-scandinavian-showrooms\/","title":{"rendered":"Virtuella rundturer"},"content":{"rendered":"\n<div class=\"wp-block-columns is-layout-flex wp-container-core-columns-is-layout-1 wp-block-columns-is-layout-flex\">\n<div class=\"wp-block-column is-layout-flow wp-block-column-is-layout-flow\">\n<h2 class=\"has-text-align-center has-huge-font-size wp-block-heading\" id=\"h-virtuella-rundturer\">Virtuella rundturer<\/h2>\n\n\n\n<p class=\"has-text-align-center has-normal-font-size\">Vi vet att det finns en speciell typ av inspiration som uppst\u00e5r i m\u00f6ten mellan m\u00e4nniskor. Det \u00e4r d\u00e4rf\u00f6r Furninova tror att det \u00e4r s\u00e5 viktigt att h\u00e5lla k\u00e4nslan och samarbetet vid liv, genom att g\u00f6ra det m\u00f6jligt att ha m\u00f6ten och utbyta id\u00e9er b\u00e5de virtuellt och i en fysisk milj\u00f6. \u00c4ven om det fortfarande finns vissa utmaningar i att resa, och fysiska m\u00f6ten kanske inte \u00e4r m\u00f6jliga \u00f6verallt &#8211; vi vill fortfarande tr\u00e4ffa dig. D\u00e4rf\u00f6r skapar vi ocks\u00e5 3D-versioner av v\u00e5ra showrooms och m\u00e4ssor \u2013 f\u00f6r att du ska kunna uppleva v\u00e5ra modeller och noggrant utvalda f\u00e4rger, n\u00e4stan som du var d\u00e4r.<\/p>\n<\/div>\n<\/div>\n\n\n\n<div class=\"wp-block-columns is-layout-flex wp-container-core-columns-is-layout-2 wp-block-columns-is-layout-flex\">\n<div class=\"wp-block-column is-layout-flow wp-block-column-is-layout-flow\"><\/div>\n<\/div>\n\n\n\n<div class=\"wp-block-columns is-layout-flex wp-container-core-columns-is-layout-3 wp-block-columns-is-layout-flex\">\n<div class=\"wp-block-column is-layout-flow wp-block-column-is-layout-flow\">\n<figure class=\"wp-block-image size-large\"><a href=\"https:\/\/my.matterport.com\/show\/?m=dZdcqw2zsHW\" target=\"_blank\" rel=\"noopener\"><img loading=\"lazy\" decoding=\"async\" width=\"1500\" height=\"1027\" src=\"https:\/\/furninova.com\/sv\/wp-content\/uploads\/sites\/2\/2022\/03\/Showroom_web-1500x1027.jpg\" alt=\"\" class=\"wp-image-24885\" srcset=\"https:\/\/assets.furninova.com\/sites\/2\/2022\/03\/Showroom_web-1500x1027.jpg 1500w, https:\/\/assets.furninova.com\/sites\/2\/2022\/03\/Showroom_web-1000x685.jpg 1000w, https:\/\/assets.furninova.com\/sites\/2\/2022\/03\/Showroom_web-400x274.jpg 400w, https:\/\/assets.furninova.com\/sites\/2\/2022\/03\/Showroom_web-768x526.jpg 768w, https:\/\/assets.furninova.com\/sites\/2\/2022\/03\/Showroom_web-1536x1052.jpg 1536w, https:\/\/assets.furninova.com\/sites\/2\/2022\/03\/Showroom_web.jpg 1920w\" sizes=\"auto, (max-width: 1500px) 100vw, 1500px\" \/><\/a><\/figure>\n\n\n\n<h2 class=\"has-text-align-center has-medium-font-size wp-block-heading\">Showroom Bj\u00e4rnum 2022, Sverige<\/h2>\n\n\n\n<p class=\"has-text-align-center\">Kolla in nyheterna f\u00f6r 2022 i v\u00e5r inspirerande utst\u00e4llning p\u00e5 v\u00e5rt huvudkontor i Bj\u00e4rnum.<\/p>\n<\/div>\n\n\n\n<div class=\"wp-block-column is-layout-flow wp-block-column-is-layout-flow\">\n<figure class=\"wp-block-image size-large\"><a href=\"https:\/\/my.matterport.com\/show\/?m=s3X3Sm2HAKJ\" target=\"_blank\" rel=\"noopener\"><img decoding=\"async\" src=\"https:\/\/furninova.com\/sv\/wp-content\/uploads\/sites\/2\/2021\/11\/Skeidar_oslo_1920x1315-1024x701.jpg\" alt=\"\" class=\"wp-image-23996\"\/><\/a><\/figure>\n\n\n\n<h2 class=\"has-text-align-center has-medium-font-size wp-block-heading\">Skeidar Oslo, Norge<\/h2>\n\n\n\n<p class=\"has-text-align-center\">I en av Norges mest popul\u00e4ra Skeidar-butiker skapade vi en lugn yta f\u00f6r bes\u00f6kare att bli inspirerade.<\/p>\n<\/div>\n<\/div>\n\n\n\n<div class=\"wp-block-columns is-layout-flex wp-container-core-columns-is-layout-4 wp-block-columns-is-layout-flex\">\n<div class=\"wp-block-column is-layout-flow wp-block-column-is-layout-flow\"><\/div>\n<\/div>\n\n\n\n<div class=\"wp-block-columns is-layout-flex wp-container-core-columns-is-layout-5 wp-block-columns-is-layout-flex\">\n<div class=\"wp-block-column is-layout-flow wp-block-column-is-layout-flow\">\n<figure class=\"wp-block-image size-large\"><a href=\"https:\/\/my.matterport.com\/show\/?m=fgVTgLbkDWL\" target=\"_blank\" rel=\"noopener\"><img loading=\"lazy\" decoding=\"async\" width=\"1024\" height=\"701\" src=\"https:\/\/furninova.com\/sv\/wp-content\/uploads\/sites\/2\/2021\/07\/Showroom-Bjarnum-Aria-1024x701.jpg\" alt=\"\" class=\"wp-image-12663\" srcset=\"https:\/\/assets.furninova.com\/sites\/2\/2021\/07\/Showroom-Bjarnum-Aria-1024x701.jpg 1024w, https:\/\/assets.furninova.com\/sites\/2\/2021\/07\/Showroom-Bjarnum-Aria-300x205.jpg 300w, https:\/\/assets.furninova.com\/sites\/2\/2021\/07\/Showroom-Bjarnum-Aria-768x526.jpg 768w, https:\/\/assets.furninova.com\/sites\/2\/2021\/07\/Showroom-Bjarnum-Aria-1536x1052.jpg 1536w, https:\/\/assets.furninova.com\/sites\/2\/2021\/07\/Showroom-Bjarnum-Aria.jpg 1920w\" sizes=\"auto, (max-width: 1024px) 100vw, 1024px\" \/><\/a><\/figure>\n\n\n\n<h2 class=\"has-text-align-center has-medium-font-size wp-block-heading\">Showroom Bj\u00e4rnum 2021, Sverige<\/h2>\n\n\n\n<p class=\"has-text-align-center\">Ta en titt i v\u00e5rt Showroom p\u00e5 v\u00e5rt huvudkontor i Bj\u00e4rnum.<\/p>\n<\/div>\n\n\n\n<div class=\"wp-block-column is-layout-flow wp-block-column-is-layout-flow\"><\/div>\n<\/div>\n","protected":false},"excerpt":{"rendered":"<p>Virtuella rundturer Vi vet att det finns en speciell typ av inspiration som uppst\u00e5r i m\u00f6ten mellan m\u00e4nniskor. Det \u00e4r d\u00e4rf\u00f6r Furninova tror att det \u00e4r s\u00e5 viktigt att h\u00e5lla k\u00e4nslan och samarbetet vid liv, genom att g\u00f6ra det m\u00f6jligt att ha m\u00f6ten och utbyta id\u00e9er b\u00e5de virtuellt och i en fysisk milj\u00f6. \u00c4ven om [&hellip;]<\/p>\n","protected":false},"author":3,"featured_media":24517,"parent":0,"menu_order":0,"comment_status":"closed","ping_status":"closed","template":"","meta":{"_acf_changed":false,"footnotes":""},"class_list":["post-16586","page","type-page","status-publish","has-post-thumbnail","hentry"],"acf":[],"yoast_head":"<!-- This site is optimized with the Yoast SEO Premium plugin v22.3 (Yoast SEO v24.4) - https:\/\/yoast.com\/wordpress\/plugins\/seo\/ -->\n<title>Furninova | A Virtual Tour of Our Scandinavian Showrooms<\/title>\n<meta name=\"description\" content=\"A Virtual Tour of Our Scandinavian Showrooms. Here you will find our latest products and fabric trends as showcased by us for 2021.\" \/>\n<meta name=\"robots\" content=\"index, follow, max-snippet:-1, max-image-preview:large, max-video-preview:-1\" \/>\n<link rel=\"canonical\" href=\"https:\/\/furninova.com\/sv\/a-virtual-tour-of-our-scandinavian-showrooms\/\" \/>\n<meta property=\"og:locale\" content=\"sv_SE\" \/>\n<meta property=\"og:type\" content=\"article\" \/>\n<meta property=\"og:title\" content=\"Virtuella rundturer\" \/>\n<meta property=\"og:description\" content=\"A Virtual Tour of Our Scandinavian Showrooms. Here you will find our latest products and fabric trends as showcased by us for 2021.\" \/>\n<meta property=\"og:url\" content=\"https:\/\/furninova.com\/sv\/a-virtual-tour-of-our-scandinavian-showrooms\/\" \/>\n<meta property=\"og:site_name\" content=\"Furninova\" \/>\n<meta property=\"article:publisher\" content=\"https:\/\/www.facebook.com\/furninovaab\" \/>\n<meta property=\"article:modified_time\" content=\"2023-08-24T07:35:31+00:00\" \/>\n<meta property=\"og:image\" content=\"https:\/\/furninova.com\/sv\/wp-content\/uploads\/sites\/2\/2021\/12\/Placeholder_Furninova_Virtuella_turer-scaled.jpg\" \/>\n\t<meta property=\"og:image:width\" content=\"2560\" \/>\n\t<meta property=\"og:image:height\" content=\"1781\" \/>\n\t<meta property=\"og:image:type\" content=\"image\/jpeg\" \/>\n<meta name=\"twitter:card\" content=\"summary_large_image\" \/>\n<meta name=\"twitter:label1\" content=\"Ber\u00e4knad l\u00e4stid\" \/>\n\t<meta name=\"twitter:data1\" content=\"2 minuter\" \/>\n<script type=\"application\/ld+json\" class=\"yoast-schema-graph\">{\"@context\":\"https:\/\/schema.org\",\"@graph\":[{\"@type\":\"WebPage\",\"@id\":\"https:\/\/furninova.com\/sv\/a-virtual-tour-of-our-scandinavian-showrooms\/\",\"url\":\"https:\/\/furninova.com\/sv\/a-virtual-tour-of-our-scandinavian-showrooms\/\",\"name\":\"Furninova | A Virtual Tour of Our Scandinavian Showrooms\",\"isPartOf\":{\"@id\":\"https:\/\/furninova.com\/sv\/#website\"},\"primaryImageOfPage\":{\"@id\":\"https:\/\/furninova.com\/sv\/a-virtual-tour-of-our-scandinavian-showrooms\/#primaryimage\"},\"image\":{\"@id\":\"https:\/\/furninova.com\/sv\/a-virtual-tour-of-our-scandinavian-showrooms\/#primaryimage\"},\"thumbnailUrl\":\"https:\/\/assets.furninova.com\/sites\/2\/2021\/12\/Placeholder_Furninova_Virtuella_turer-scaled.jpg\",\"datePublished\":\"2020-11-24T09:22:13+00:00\",\"dateModified\":\"2023-08-24T07:35:31+00:00\",\"description\":\"A Virtual Tour of Our Scandinavian Showrooms. Here you will find our latest products and fabric trends as showcased by us for 2021.\",\"breadcrumb\":{\"@id\":\"https:\/\/furninova.com\/sv\/a-virtual-tour-of-our-scandinavian-showrooms\/#breadcrumb\"},\"inLanguage\":\"sv-SE\",\"potentialAction\":[{\"@type\":\"ReadAction\",\"target\":[\"https:\/\/furninova.com\/sv\/a-virtual-tour-of-our-scandinavian-showrooms\/\"]}]},{\"@type\":\"ImageObject\",\"inLanguage\":\"sv-SE\",\"@id\":\"https:\/\/furninova.com\/sv\/a-virtual-tour-of-our-scandinavian-showrooms\/#primaryimage\",\"url\":\"https:\/\/assets.furninova.com\/sites\/2\/2021\/12\/Placeholder_Furninova_Virtuella_turer-scaled.jpg\",\"contentUrl\":\"https:\/\/assets.furninova.com\/sites\/2\/2021\/12\/Placeholder_Furninova_Virtuella_turer-scaled.jpg\",\"width\":2560,\"height\":1781},{\"@type\":\"BreadcrumbList\",\"@id\":\"https:\/\/furninova.com\/sv\/a-virtual-tour-of-our-scandinavian-showrooms\/#breadcrumb\",\"itemListElement\":[{\"@type\":\"ListItem\",\"position\":1,\"name\":\"Home\",\"item\":\"https:\/\/furninova.com\/sv\/\"},{\"@type\":\"ListItem\",\"position\":2,\"name\":\"Virtuella rundturer\"}]},{\"@type\":\"WebSite\",\"@id\":\"https:\/\/furninova.com\/sv\/#website\",\"url\":\"https:\/\/furninova.com\/sv\/\",\"name\":\"Furninova\",\"description\":\"\u00c4nnu en webbplats hos Furninova\",\"publisher\":{\"@id\":\"https:\/\/furninova.com\/sv\/#organization\"},\"potentialAction\":[{\"@type\":\"SearchAction\",\"target\":{\"@type\":\"EntryPoint\",\"urlTemplate\":\"https:\/\/furninova.com\/sv\/?s={search_term_string}\"},\"query-input\":{\"@type\":\"PropertyValueSpecification\",\"valueRequired\":true,\"valueName\":\"search_term_string\"}}],\"inLanguage\":\"sv-SE\"},{\"@type\":\"Organization\",\"@id\":\"https:\/\/furninova.com\/sv\/#organization\",\"name\":\"Furninova AB\",\"url\":\"https:\/\/furninova.com\/sv\/\",\"logo\":{\"@type\":\"ImageObject\",\"inLanguage\":\"sv-SE\",\"@id\":\"https:\/\/furninova.com\/sv\/#\/schema\/logo\/image\/\",\"url\":\"https:\/\/furninova.com\/sv\/wp-content\/uploads\/sites\/2\/2021\/03\/furninova-logotype-bottom.png\",\"contentUrl\":\"https:\/\/furninova.com\/sv\/wp-content\/uploads\/sites\/2\/2021\/03\/furninova-logotype-bottom.png\",\"width\":387,\"height\":219,\"caption\":\"Furninova AB\"},\"image\":{\"@id\":\"https:\/\/furninova.com\/sv\/#\/schema\/logo\/image\/\"},\"sameAs\":[\"https:\/\/www.facebook.com\/furninovaab\",\"https:\/\/www.instagram.com\/furninovaab\/\",\"https:\/\/www.linkedin.com\/company\/furninova-ab\"]}]}<\/script>\n<!-- \/ Yoast SEO Premium plugin. -->","yoast_head_json":{"title":"Furninova | A Virtual Tour of Our Scandinavian Showrooms","description":"A Virtual Tour of Our Scandinavian Showrooms. Here you will find our latest products and fabric trends as showcased by us for 2021.","robots":{"index":"index","follow":"follow","max-snippet":"max-snippet:-1","max-image-preview":"max-image-preview:large","max-video-preview":"max-video-preview:-1"},"canonical":"https:\/\/furninova.com\/sv\/a-virtual-tour-of-our-scandinavian-showrooms\/","og_locale":"sv_SE","og_type":"article","og_title":"Virtuella rundturer","og_description":"A Virtual Tour of Our Scandinavian Showrooms. Here you will find our latest products and fabric trends as showcased by us for 2021.","og_url":"https:\/\/furninova.com\/sv\/a-virtual-tour-of-our-scandinavian-showrooms\/","og_site_name":"Furninova","article_publisher":"https:\/\/www.facebook.com\/furninovaab","article_modified_time":"2023-08-24T07:35:31+00:00","og_image":[{"width":2560,"height":1781,"url":"https:\/\/furninova.com\/sv\/wp-content\/uploads\/sites\/2\/2021\/12\/Placeholder_Furninova_Virtuella_turer-scaled.jpg","type":"image\/jpeg"}],"twitter_card":"summary_large_image","twitter_misc":{"Ber\u00e4knad l\u00e4stid":"2 minuter"},"schema":{"@context":"https:\/\/schema.org","@graph":[{"@type":"WebPage","@id":"https:\/\/furninova.com\/sv\/a-virtual-tour-of-our-scandinavian-showrooms\/","url":"https:\/\/furninova.com\/sv\/a-virtual-tour-of-our-scandinavian-showrooms\/","name":"Furninova | A Virtual Tour of Our Scandinavian Showrooms","isPartOf":{"@id":"https:\/\/furninova.com\/sv\/#website"},"primaryImageOfPage":{"@id":"https:\/\/furninova.com\/sv\/a-virtual-tour-of-our-scandinavian-showrooms\/#primaryimage"},"image":{"@id":"https:\/\/furninova.com\/sv\/a-virtual-tour-of-our-scandinavian-showrooms\/#primaryimage"},"thumbnailUrl":"https:\/\/assets.furninova.com\/sites\/2\/2021\/12\/Placeholder_Furninova_Virtuella_turer-scaled.jpg","datePublished":"2020-11-24T09:22:13+00:00","dateModified":"2023-08-24T07:35:31+00:00","description":"A Virtual Tour of Our Scandinavian Showrooms. Here you will find our latest products and fabric trends as showcased by us for 2021.","breadcrumb":{"@id":"https:\/\/furninova.com\/sv\/a-virtual-tour-of-our-scandinavian-showrooms\/#breadcrumb"},"inLanguage":"sv-SE","potentialAction":[{"@type":"ReadAction","target":["https:\/\/furninova.com\/sv\/a-virtual-tour-of-our-scandinavian-showrooms\/"]}]},{"@type":"ImageObject","inLanguage":"sv-SE","@id":"https:\/\/furninova.com\/sv\/a-virtual-tour-of-our-scandinavian-showrooms\/#primaryimage","url":"https:\/\/assets.furninova.com\/sites\/2\/2021\/12\/Placeholder_Furninova_Virtuella_turer-scaled.jpg","contentUrl":"https:\/\/assets.furninova.com\/sites\/2\/2021\/12\/Placeholder_Furninova_Virtuella_turer-scaled.jpg","width":2560,"height":1781},{"@type":"BreadcrumbList","@id":"https:\/\/furninova.com\/sv\/a-virtual-tour-of-our-scandinavian-showrooms\/#breadcrumb","itemListElement":[{"@type":"ListItem","position":1,"name":"Home","item":"https:\/\/furninova.com\/sv\/"},{"@type":"ListItem","position":2,"name":"Virtuella rundturer"}]},{"@type":"WebSite","@id":"https:\/\/furninova.com\/sv\/#website","url":"https:\/\/furninova.com\/sv\/","name":"Furninova","description":"\u00c4nnu en webbplats hos Furninova","publisher":{"@id":"https:\/\/furninova.com\/sv\/#organization"},"potentialAction":[{"@type":"SearchAction","target":{"@type":"EntryPoint","urlTemplate":"https:\/\/furninova.com\/sv\/?s={search_term_string}"},"query-input":{"@type":"PropertyValueSpecification","valueRequired":true,"valueName":"search_term_string"}}],"inLanguage":"sv-SE"},{"@type":"Organization","@id":"https:\/\/furninova.com\/sv\/#organization","name":"Furninova AB","url":"https:\/\/furninova.com\/sv\/","logo":{"@type":"ImageObject","inLanguage":"sv-SE","@id":"https:\/\/furninova.com\/sv\/#\/schema\/logo\/image\/","url":"https:\/\/furninova.com\/sv\/wp-content\/uploads\/sites\/2\/2021\/03\/furninova-logotype-bottom.png","contentUrl":"https:\/\/furninova.com\/sv\/wp-content\/uploads\/sites\/2\/2021\/03\/furninova-logotype-bottom.png","width":387,"height":219,"caption":"Furninova AB"},"image":{"@id":"https:\/\/furninova.com\/sv\/#\/schema\/logo\/image\/"},"sameAs":["https:\/\/www.facebook.com\/furninovaab","https:\/\/www.instagram.com\/furninovaab\/","https:\/\/www.linkedin.com\/company\/furninova-ab"]}]}},"_links":{"self":[{"href":"https:\/\/furninova.com\/sv\/wp-json\/wp\/v2\/pages\/16586","targetHints":{"allow":["GET"]}}],"collection":[{"href":"https:\/\/furninova.com\/sv\/wp-json\/wp\/v2\/pages"}],"about":[{"href":"https:\/\/furninova.com\/sv\/wp-json\/wp\/v2\/types\/page"}],"author":[{"embeddable":true,"href":"https:\/\/furninova.com\/sv\/wp-json\/wp\/v2\/users\/3"}],"replies":[{"embeddable":true,"href":"https:\/\/furninova.com\/sv\/wp-json\/wp\/v2\/comments?post=16586"}],"version-history":[{"count":3,"href":"https:\/\/furninova.com\/sv\/wp-json\/wp\/v2\/pages\/16586\/revisions"}],"predecessor-version":[{"id":24887,"href":"https:\/\/furninova.com\/sv\/wp-json\/wp\/v2\/pages\/16586\/revisions\/24887"}],"wp:featuredmedia":[{"embeddable":true,"href":"https:\/\/furninova.com\/sv\/wp-json\/wp\/v2\/media\/24517"}],"wp:attachment":[{"href":"https:\/\/furninova.com\/sv\/wp-json\/wp\/v2\/media?parent=16586"}],"curies":[{"name":"wp","href":"https:\/\/api.w.org\/{rel}","templated":true}]}}